{"id":77,"date":"2019-12-05T15:58:14","date_gmt":"2019-12-05T14:58:14","guid":{"rendered":"http:\/\/localhost\/projets\/Wordpress\/Boxloader\/?page_id=77"},"modified":"2020-02-14T02:31:00","modified_gmt":"2020-02-14T01:31:00","slug":"communaute","status":"publish","type":"page","link":"https:\/\/www.boxloader.com\/fr\/communaute\/","title":{"rendered":"La Communaut\u00e9"},"content":{"rendered":"<p><span style=\"font-weight: 400;\">Chez Boxloader, nous sommes fiers d&rsquo;avoir une communaut\u00e9 multiculturelle et r\u00e9active. Clients, employ\u00e9s, partenaires, chauffeurs, fournisseurs, que ce soit en France ou dans le monde entier, nous partageons tous un seul et m\u00eame objectif : la qualit\u00e9 et la performance. Nous consid\u00e9rons chaque client Boxloader unique et nous nous assurons d\u2019apporter \u00e0 chacun(e) l\u2019attention qu\u2019il ou elle m\u00e9rite. Au fil du temps, nous avons \u00e9tabli une v\u00e9ritable communaut\u00e9 autour des chargeurs lat\u00e9raux. Peu importe o\u00f9 vous vous situez, nos \u00e9quipes s&rsquo;assurent d&rsquo;entretenir un r\u00e9el partenariat avec vous.<\/span><\/p>\n<p>Gr\u00e2ce \u00e0 notre pr\u00e9sence sur diff\u00e9rents r\u00e9seaux sociaux, nous sommes continuellement en contact avec nos clients et nous sommes tr\u00e8s r\u00e9actifs \u00e0 leurs demandes et leurs questions, qui requi\u00e8rent des r\u00e9ponses claires et rapides. Si vous souhaitez nous contacter pour plus d&rsquo;informations, nous restons \u00e0 votre disposition, que ce soit via Facebook, LinkedIn, Instagram, par email ou t\u00e9l\u00e9phone.<\/p>\n","protected":false},"excerpt":{"rendered":"<p>Chez Boxloader, nous sommes fiers d&rsquo;avoir&#8230; <br \/><a class=\"readmore\" href=\"https:\/\/www.boxloader.com\/fr\/communaute\/\">Lire la suite<\/a><\/p>\n","protected":false},"author":1,"featured_media":1603,"parent":0,"menu_order":0,"comment_status":"closed","ping_status":"closed","template":"page-communaute.php","meta":{"footnotes":""},"class_list":["post-77","page","type-page","status-publish","has-post-thumbnail","hentry"],"yoast_head":"<!-- This site is optimized with the Yoast SEO plugin v26.8 - https:\/\/yoast.com\/product\/yoast-seo-wordpress\/ -->\n<title>La Communaut\u00e9 - BoxLoader<\/title>\n<meta name=\"robots\" content=\"index, follow, max-snippet:-1, max-image-preview:large, max-video-preview:-1\" \/>\n<link rel=\"canonical\" href=\"https:\/\/www.boxloader.com\/our-community\/\" \/>\n<meta property=\"og:locale\" content=\"fr_FR\" \/>\n<meta property=\"og:type\" content=\"article\" \/>\n<meta property=\"og:title\" content=\"La Communaut\u00e9 - BoxLoader\" \/>\n<meta property=\"og:description\" content=\"Chez Boxloader, nous sommes fiers d&rsquo;avoir... Lire la suite\" \/>\n<meta property=\"og:url\" content=\"https:\/\/www.boxloader.com\/our-community\/\" \/>\n<meta property=\"og:site_name\" content=\"BoxLoader\" \/>\n<meta property=\"article:modified_time\" content=\"2020-02-14T01:31:00+00:00\" \/>\n<meta property=\"og:image\" content=\"https:\/\/www.boxloader.com\/wp-content\/uploads\/2020\/02\/B210345.jpg\" \/>\n\t<meta property=\"og:image:width\" content=\"2560\" \/>\n\t<meta property=\"og:image:height\" content=\"1548\" \/>\n\t<meta property=\"og:image:type\" content=\"image\/jpeg\" \/>\n<meta name=\"twitter:card\" content=\"summary_large_image\" \/>\n<meta name=\"twitter:label1\" content=\"Dur\u00e9e de lecture estim\u00e9e\" \/>\n\t<meta name=\"twitter:data1\" content=\"1 minute\" \/>\n<script type=\"application\/ld+json\" class=\"yoast-schema-graph\">{\"@context\":\"https:\/\/schema.org\",\"@graph\":[{\"@type\":\"WebPage\",\"@id\":\"https:\/\/www.boxloader.com\/our-community\/\",\"url\":\"https:\/\/www.boxloader.com\/our-community\/\",\"name\":\"La Communaut\u00e9 - BoxLoader\",\"isPartOf\":{\"@id\":\"https:\/\/www.boxloader.com\/#website\"},\"primaryImageOfPage\":{\"@id\":\"https:\/\/www.boxloader.com\/our-community\/#primaryimage\"},\"image\":{\"@id\":\"https:\/\/www.boxloader.com\/our-community\/#primaryimage\"},\"thumbnailUrl\":\"https:\/\/www.boxloader.com\/wp-content\/uploads\/2020\/02\/B210345.jpg\",\"datePublished\":\"2019-12-05T14:58:14+00:00\",\"dateModified\":\"2020-02-14T01:31:00+00:00\",\"breadcrumb\":{\"@id\":\"https:\/\/www.boxloader.com\/our-community\/#breadcrumb\"},\"inLanguage\":\"fr-FR\",\"potentialAction\":[{\"@type\":\"ReadAction\",\"target\":[\"https:\/\/www.boxloader.com\/our-community\/\"]}]},{\"@type\":\"ImageObject\",\"inLanguage\":\"fr-FR\",\"@id\":\"https:\/\/www.boxloader.com\/our-community\/#primaryimage\",\"url\":\"https:\/\/www.boxloader.com\/wp-content\/uploads\/2020\/02\/B210345.jpg\",\"contentUrl\":\"https:\/\/www.boxloader.com\/wp-content\/uploads\/2020\/02\/B210345.jpg\",\"width\":2560,\"height\":1548},{\"@type\":\"BreadcrumbList\",\"@id\":\"https:\/\/www.boxloader.com\/our-community\/#breadcrumb\",\"itemListElement\":[{\"@type\":\"ListItem\",\"position\":1,\"name\":\"Home\",\"item\":\"https:\/\/www.boxloader.com\/\"},{\"@type\":\"ListItem\",\"position\":2,\"name\":\"La Communaut\u00e9\"}]},{\"@type\":\"WebSite\",\"@id\":\"https:\/\/www.boxloader.com\/#website\",\"url\":\"https:\/\/www.boxloader.com\/\",\"name\":\"BoxLoader\",\"description\":\"l\u00e8ve conteneur, sideloader et chargeur lat\u00e9ral pour ch\u00e2ssis et remorque\",\"publisher\":{\"@id\":\"https:\/\/www.boxloader.com\/#organization\"},\"potentialAction\":[{\"@type\":\"SearchAction\",\"target\":{\"@type\":\"EntryPoint\",\"urlTemplate\":\"https:\/\/www.boxloader.com\/?s={search_term_string}\"},\"query-input\":{\"@type\":\"PropertyValueSpecification\",\"valueRequired\":true,\"valueName\":\"search_term_string\"}}],\"inLanguage\":\"fr-FR\"},{\"@type\":\"Organization\",\"@id\":\"https:\/\/www.boxloader.com\/#organization\",\"name\":\"BoXLoader\",\"url\":\"https:\/\/www.boxloader.com\/\",\"logo\":{\"@type\":\"ImageObject\",\"inLanguage\":\"fr-FR\",\"@id\":\"https:\/\/www.boxloader.com\/#\/schema\/logo\/image\/\",\"url\":\"https:\/\/www.boxloader.com\/wp-content\/uploads\/2019\/12\/BOXLOADER_DE\u00a6u\u0308FONCE_COULEUR_RVB.jpg\",\"contentUrl\":\"https:\/\/www.boxloader.com\/wp-content\/uploads\/2019\/12\/BOXLOADER_DE\u00a6u\u0308FONCE_COULEUR_RVB.jpg\",\"width\":2560,\"height\":710,\"caption\":\"BoXLoader\"},\"image\":{\"@id\":\"https:\/\/www.boxloader.com\/#\/schema\/logo\/image\/\"}}]}<\/script>\n<!-- \/ Yoast SEO plugin. -->","yoast_head_json":{"title":"La Communaut\u00e9 - BoxLoader","robots":{"index":"index","follow":"follow","max-snippet":"max-snippet:-1","max-image-preview":"max-image-preview:large","max-video-preview":"max-video-preview:-1"},"canonical":"https:\/\/www.boxloader.com\/our-community\/","og_locale":"fr_FR","og_type":"article","og_title":"La Communaut\u00e9 - BoxLoader","og_description":"Chez Boxloader, nous sommes fiers d&rsquo;avoir... Lire la suite","og_url":"https:\/\/www.boxloader.com\/our-community\/","og_site_name":"BoxLoader","article_modified_time":"2020-02-14T01:31:00+00:00","og_image":[{"width":2560,"height":1548,"url":"https:\/\/www.boxloader.com\/wp-content\/uploads\/2020\/02\/B210345.jpg","type":"image\/jpeg"}],"twitter_card":"summary_large_image","twitter_misc":{"Dur\u00e9e de lecture estim\u00e9e":"1 minute"},"schema":{"@context":"https:\/\/schema.org","@graph":[{"@type":"WebPage","@id":"https:\/\/www.boxloader.com\/our-community\/","url":"https:\/\/www.boxloader.com\/our-community\/","name":"La Communaut\u00e9 - BoxLoader","isPartOf":{"@id":"https:\/\/www.boxloader.com\/#website"},"primaryImageOfPage":{"@id":"https:\/\/www.boxloader.com\/our-community\/#primaryimage"},"image":{"@id":"https:\/\/www.boxloader.com\/our-community\/#primaryimage"},"thumbnailUrl":"https:\/\/www.boxloader.com\/wp-content\/uploads\/2020\/02\/B210345.jpg","datePublished":"2019-12-05T14:58:14+00:00","dateModified":"2020-02-14T01:31:00+00:00","breadcrumb":{"@id":"https:\/\/www.boxloader.com\/our-community\/#breadcrumb"},"inLanguage":"fr-FR","potentialAction":[{"@type":"ReadAction","target":["https:\/\/www.boxloader.com\/our-community\/"]}]},{"@type":"ImageObject","inLanguage":"fr-FR","@id":"https:\/\/www.boxloader.com\/our-community\/#primaryimage","url":"https:\/\/www.boxloader.com\/wp-content\/uploads\/2020\/02\/B210345.jpg","contentUrl":"https:\/\/www.boxloader.com\/wp-content\/uploads\/2020\/02\/B210345.jpg","width":2560,"height":1548},{"@type":"BreadcrumbList","@id":"https:\/\/www.boxloader.com\/our-community\/#breadcrumb","itemListElement":[{"@type":"ListItem","position":1,"name":"Home","item":"https:\/\/www.boxloader.com\/"},{"@type":"ListItem","position":2,"name":"La Communaut\u00e9"}]},{"@type":"WebSite","@id":"https:\/\/www.boxloader.com\/#website","url":"https:\/\/www.boxloader.com\/","name":"BoxLoader","description":"l\u00e8ve conteneur, sideloader et chargeur lat\u00e9ral pour ch\u00e2ssis et remorque","publisher":{"@id":"https:\/\/www.boxloader.com\/#organization"},"potentialAction":[{"@type":"SearchAction","target":{"@type":"EntryPoint","urlTemplate":"https:\/\/www.boxloader.com\/?s={search_term_string}"},"query-input":{"@type":"PropertyValueSpecification","valueRequired":true,"valueName":"search_term_string"}}],"inLanguage":"fr-FR"},{"@type":"Organization","@id":"https:\/\/www.boxloader.com\/#organization","name":"BoXLoader","url":"https:\/\/www.boxloader.com\/","logo":{"@type":"ImageObject","inLanguage":"fr-FR","@id":"https:\/\/www.boxloader.com\/#\/schema\/logo\/image\/","url":"https:\/\/www.boxloader.com\/wp-content\/uploads\/2019\/12\/BOXLOADER_DE\u00a6u\u0308FONCE_COULEUR_RVB.jpg","contentUrl":"https:\/\/www.boxloader.com\/wp-content\/uploads\/2019\/12\/BOXLOADER_DE\u00a6u\u0308FONCE_COULEUR_RVB.jpg","width":2560,"height":710,"caption":"BoXLoader"},"image":{"@id":"https:\/\/www.boxloader.com\/#\/schema\/logo\/image\/"}}]}},"_links":{"self":[{"href":"https:\/\/www.boxloader.com\/fr\/wp-json\/wp\/v2\/pages\/77","targetHints":{"allow":["GET"]}}],"collection":[{"href":"https:\/\/www.boxloader.com\/fr\/wp-json\/wp\/v2\/pages"}],"about":[{"href":"https:\/\/www.boxloader.com\/fr\/wp-json\/wp\/v2\/types\/page"}],"author":[{"embeddable":true,"href":"https:\/\/www.boxloader.com\/fr\/wp-json\/wp\/v2\/users\/1"}],"replies":[{"embeddable":true,"href":"https:\/\/www.boxloader.com\/fr\/wp-json\/wp\/v2\/comments?post=77"}],"version-history":[{"count":5,"href":"https:\/\/www.boxloader.com\/fr\/wp-json\/wp\/v2\/pages\/77\/revisions"}],"predecessor-version":[{"id":1452,"href":"https:\/\/www.boxloader.com\/fr\/wp-json\/wp\/v2\/pages\/77\/revisions\/1452"}],"wp:featuredmedia":[{"embeddable":true,"href":"https:\/\/www.boxloader.com\/fr\/wp-json\/wp\/v2\/media\/1603"}],"wp:attachment":[{"href":"https:\/\/www.boxloader.com\/fr\/wp-json\/wp\/v2\/media?parent=77"}],"curies":[{"name":"wp","href":"https:\/\/api.w.org\/{rel}","templated":true}]}}