{"id":63,"date":"2019-12-04T13:58:06","date_gmt":"2019-12-04T12:58:06","guid":{"rendered":"http:\/\/localhost\/projets\/Wordpress\/Boxloader\/?page_id=63"},"modified":"2020-02-15T02:02:03","modified_gmt":"2020-02-15T01:02:03","slug":"les-chassis-de-remorque-porte-conteneurs","status":"publish","type":"page","link":"https:\/\/www.boxloader.com\/fr\/les-chassis-de-remorque-porte-conteneurs\/","title":{"rendered":"Nos ch\u00e2ssis de remorque porte conteneurs"},"content":{"rendered":"<h2>Les produits<\/h2>\n<p><span style=\"font-weight: 400;\">En tant qu&rsquo;utilisateur de solutions de transports, vos besoins sont sp\u00e9cifiques et requi\u00e8rent des r\u00e9ponses parfaitement adapt\u00e9es qui vous apportent une r\u00e9elle valeur ajout\u00e9e dans vos op\u00e9rations. C&rsquo;est pourquoi nous avons con\u00e7u une gamme de ch\u00e2ssis et de grues totalement interchangeables, afin que vous puissiez disposer de la machine qui vous convient parfaitement, sur laquelle diff\u00e9rentes technologies compl\u00e9mentaires peuvent \u00eatre adapt\u00e9es.<\/span><\/p>\n","protected":false},"excerpt":{"rendered":"<p>Les produits En tant qu&rsquo;utilisateur de&#8230; <br \/><a class=\"readmore\" href=\"https:\/\/www.boxloader.com\/fr\/les-chassis-de-remorque-porte-conteneurs\/\">Lire la suite<\/a><\/p>\n","protected":false},"author":1,"featured_media":1600,"parent":0,"menu_order":0,"comment_status":"closed","ping_status":"closed","template":"page-chassis.php","meta":{"footnotes":""},"class_list":["post-63","page","type-page","status-publish","has-post-thumbnail","hentry"],"yoast_head":"<!-- This site is optimized with the Yoast SEO plugin v26.8 - https:\/\/yoast.com\/product\/yoast-seo-wordpress\/ -->\n<title>Ch\u00e2ssis et remorque porte conteneur, ch\u00e2ssis rolltrainer pour camion | BoxLoader<\/title>\n<meta name=\"robots\" content=\"index, follow, max-snippet:-1, max-image-preview:large, max-video-preview:-1\" \/>\n<link rel=\"canonical\" href=\"https:\/\/www.boxloader.com\/our-sideloaders-trailers\/\" \/>\n<meta property=\"og:locale\" content=\"fr_FR\" \/>\n<meta property=\"og:type\" content=\"article\" \/>\n<meta property=\"og:title\" content=\"Ch\u00e2ssis et remorque porte conteneur, ch\u00e2ssis rolltrainer pour camion | BoxLoader\" \/>\n<meta property=\"og:description\" content=\"Les produits En tant qu&rsquo;utilisateur de... Lire la suite\" \/>\n<meta property=\"og:url\" content=\"https:\/\/www.boxloader.com\/our-sideloaders-trailers\/\" \/>\n<meta property=\"og:site_name\" content=\"BoxLoader\" \/>\n<meta property=\"article:modified_time\" content=\"2020-02-15T01:02:03+00:00\" \/>\n<meta property=\"og:image\" content=\"https:\/\/www.boxloader.com\/wp-content\/uploads\/2020\/02\/A130303-copie.jpg\" \/>\n\t<meta property=\"og:image:width\" content=\"2415\" \/>\n\t<meta property=\"og:image:height\" content=\"1521\" \/>\n\t<meta property=\"og:image:type\" content=\"image\/jpeg\" \/>\n<meta name=\"twitter:card\" content=\"summary_large_image\" \/>\n<script type=\"application\/ld+json\" class=\"yoast-schema-graph\">{\"@context\":\"https:\/\/schema.org\",\"@graph\":[{\"@type\":\"WebPage\",\"@id\":\"https:\/\/www.boxloader.com\/our-sideloaders-trailers\/\",\"url\":\"https:\/\/www.boxloader.com\/our-sideloaders-trailers\/\",\"name\":\"Ch\u00e2ssis et remorque porte conteneur, ch\u00e2ssis rolltrainer pour camion | BoxLoader\",\"isPartOf\":{\"@id\":\"https:\/\/www.boxloader.com\/#website\"},\"primaryImageOfPage\":{\"@id\":\"https:\/\/www.boxloader.com\/our-sideloaders-trailers\/#primaryimage\"},\"image\":{\"@id\":\"https:\/\/www.boxloader.com\/our-sideloaders-trailers\/#primaryimage\"},\"thumbnailUrl\":\"https:\/\/www.boxloader.com\/wp-content\/uploads\/2020\/02\/A130303-copie.jpg\",\"datePublished\":\"2019-12-04T12:58:06+00:00\",\"dateModified\":\"2020-02-15T01:02:03+00:00\",\"breadcrumb\":{\"@id\":\"https:\/\/www.boxloader.com\/our-sideloaders-trailers\/#breadcrumb\"},\"inLanguage\":\"fr-FR\",\"potentialAction\":[{\"@type\":\"ReadAction\",\"target\":[\"https:\/\/www.boxloader.com\/our-sideloaders-trailers\/\"]}]},{\"@type\":\"ImageObject\",\"inLanguage\":\"fr-FR\",\"@id\":\"https:\/\/www.boxloader.com\/our-sideloaders-trailers\/#primaryimage\",\"url\":\"https:\/\/www.boxloader.com\/wp-content\/uploads\/2020\/02\/A130303-copie.jpg\",\"contentUrl\":\"https:\/\/www.boxloader.com\/wp-content\/uploads\/2020\/02\/A130303-copie.jpg\",\"width\":2415,\"height\":1521},{\"@type\":\"BreadcrumbList\",\"@id\":\"https:\/\/www.boxloader.com\/our-sideloaders-trailers\/#breadcrumb\",\"itemListElement\":[{\"@type\":\"ListItem\",\"position\":1,\"name\":\"Home\",\"item\":\"https:\/\/www.boxloader.com\/\"},{\"@type\":\"ListItem\",\"position\":2,\"name\":\"Nos ch\u00e2ssis de remorque porte conteneurs\"}]},{\"@type\":\"WebSite\",\"@id\":\"https:\/\/www.boxloader.com\/#website\",\"url\":\"https:\/\/www.boxloader.com\/\",\"name\":\"BoxLoader\",\"description\":\"l\u00e8ve conteneur, sideloader et chargeur lat\u00e9ral pour ch\u00e2ssis et remorque\",\"publisher\":{\"@id\":\"https:\/\/www.boxloader.com\/#organization\"},\"potentialAction\":[{\"@type\":\"SearchAction\",\"target\":{\"@type\":\"EntryPoint\",\"urlTemplate\":\"https:\/\/www.boxloader.com\/?s={search_term_string}\"},\"query-input\":{\"@type\":\"PropertyValueSpecification\",\"valueRequired\":true,\"valueName\":\"search_term_string\"}}],\"inLanguage\":\"fr-FR\"},{\"@type\":\"Organization\",\"@id\":\"https:\/\/www.boxloader.com\/#organization\",\"name\":\"BoXLoader\",\"url\":\"https:\/\/www.boxloader.com\/\",\"logo\":{\"@type\":\"ImageObject\",\"inLanguage\":\"fr-FR\",\"@id\":\"https:\/\/www.boxloader.com\/#\/schema\/logo\/image\/\",\"url\":\"https:\/\/www.boxloader.com\/wp-content\/uploads\/2019\/12\/BOXLOADER_DE\u00a6u\u0308FONCE_COULEUR_RVB.jpg\",\"contentUrl\":\"https:\/\/www.boxloader.com\/wp-content\/uploads\/2019\/12\/BOXLOADER_DE\u00a6u\u0308FONCE_COULEUR_RVB.jpg\",\"width\":2560,\"height\":710,\"caption\":\"BoXLoader\"},\"image\":{\"@id\":\"https:\/\/www.boxloader.com\/#\/schema\/logo\/image\/\"}}]}<\/script>\n<!-- \/ Yoast SEO plugin. -->","yoast_head_json":{"title":"Ch\u00e2ssis et remorque porte conteneur, ch\u00e2ssis rolltrainer pour camion | BoxLoader","robots":{"index":"index","follow":"follow","max-snippet":"max-snippet:-1","max-image-preview":"max-image-preview:large","max-video-preview":"max-video-preview:-1"},"canonical":"https:\/\/www.boxloader.com\/our-sideloaders-trailers\/","og_locale":"fr_FR","og_type":"article","og_title":"Ch\u00e2ssis et remorque porte conteneur, ch\u00e2ssis rolltrainer pour camion | BoxLoader","og_description":"Les produits En tant qu&rsquo;utilisateur de... Lire la suite","og_url":"https:\/\/www.boxloader.com\/our-sideloaders-trailers\/","og_site_name":"BoxLoader","article_modified_time":"2020-02-15T01:02:03+00:00","og_image":[{"width":2415,"height":1521,"url":"https:\/\/www.boxloader.com\/wp-content\/uploads\/2020\/02\/A130303-copie.jpg","type":"image\/jpeg"}],"twitter_card":"summary_large_image","schema":{"@context":"https:\/\/schema.org","@graph":[{"@type":"WebPage","@id":"https:\/\/www.boxloader.com\/our-sideloaders-trailers\/","url":"https:\/\/www.boxloader.com\/our-sideloaders-trailers\/","name":"Ch\u00e2ssis et remorque porte conteneur, ch\u00e2ssis rolltrainer pour camion | BoxLoader","isPartOf":{"@id":"https:\/\/www.boxloader.com\/#website"},"primaryImageOfPage":{"@id":"https:\/\/www.boxloader.com\/our-sideloaders-trailers\/#primaryimage"},"image":{"@id":"https:\/\/www.boxloader.com\/our-sideloaders-trailers\/#primaryimage"},"thumbnailUrl":"https:\/\/www.boxloader.com\/wp-content\/uploads\/2020\/02\/A130303-copie.jpg","datePublished":"2019-12-04T12:58:06+00:00","dateModified":"2020-02-15T01:02:03+00:00","breadcrumb":{"@id":"https:\/\/www.boxloader.com\/our-sideloaders-trailers\/#breadcrumb"},"inLanguage":"fr-FR","potentialAction":[{"@type":"ReadAction","target":["https:\/\/www.boxloader.com\/our-sideloaders-trailers\/"]}]},{"@type":"ImageObject","inLanguage":"fr-FR","@id":"https:\/\/www.boxloader.com\/our-sideloaders-trailers\/#primaryimage","url":"https:\/\/www.boxloader.com\/wp-content\/uploads\/2020\/02\/A130303-copie.jpg","contentUrl":"https:\/\/www.boxloader.com\/wp-content\/uploads\/2020\/02\/A130303-copie.jpg","width":2415,"height":1521},{"@type":"BreadcrumbList","@id":"https:\/\/www.boxloader.com\/our-sideloaders-trailers\/#breadcrumb","itemListElement":[{"@type":"ListItem","position":1,"name":"Home","item":"https:\/\/www.boxloader.com\/"},{"@type":"ListItem","position":2,"name":"Nos ch\u00e2ssis de remorque porte conteneurs"}]},{"@type":"WebSite","@id":"https:\/\/www.boxloader.com\/#website","url":"https:\/\/www.boxloader.com\/","name":"BoxLoader","description":"l\u00e8ve conteneur, sideloader et chargeur lat\u00e9ral pour ch\u00e2ssis et remorque","publisher":{"@id":"https:\/\/www.boxloader.com\/#organization"},"potentialAction":[{"@type":"SearchAction","target":{"@type":"EntryPoint","urlTemplate":"https:\/\/www.boxloader.com\/?s={search_term_string}"},"query-input":{"@type":"PropertyValueSpecification","valueRequired":true,"valueName":"search_term_string"}}],"inLanguage":"fr-FR"},{"@type":"Organization","@id":"https:\/\/www.boxloader.com\/#organization","name":"BoXLoader","url":"https:\/\/www.boxloader.com\/","logo":{"@type":"ImageObject","inLanguage":"fr-FR","@id":"https:\/\/www.boxloader.com\/#\/schema\/logo\/image\/","url":"https:\/\/www.boxloader.com\/wp-content\/uploads\/2019\/12\/BOXLOADER_DE\u00a6u\u0308FONCE_COULEUR_RVB.jpg","contentUrl":"https:\/\/www.boxloader.com\/wp-content\/uploads\/2019\/12\/BOXLOADER_DE\u00a6u\u0308FONCE_COULEUR_RVB.jpg","width":2560,"height":710,"caption":"BoXLoader"},"image":{"@id":"https:\/\/www.boxloader.com\/#\/schema\/logo\/image\/"}}]}},"_links":{"self":[{"href":"https:\/\/www.boxloader.com\/fr\/wp-json\/wp\/v2\/pages\/63","targetHints":{"allow":["GET"]}}],"collection":[{"href":"https:\/\/www.boxloader.com\/fr\/wp-json\/wp\/v2\/pages"}],"about":[{"href":"https:\/\/www.boxloader.com\/fr\/wp-json\/wp\/v2\/types\/page"}],"author":[{"embeddable":true,"href":"https:\/\/www.boxloader.com\/fr\/wp-json\/wp\/v2\/users\/1"}],"replies":[{"embeddable":true,"href":"https:\/\/www.boxloader.com\/fr\/wp-json\/wp\/v2\/comments?post=63"}],"version-history":[{"count":5,"href":"https:\/\/www.boxloader.com\/fr\/wp-json\/wp\/v2\/pages\/63\/revisions"}],"predecessor-version":[{"id":880,"href":"https:\/\/www.boxloader.com\/fr\/wp-json\/wp\/v2\/pages\/63\/revisions\/880"}],"wp:featuredmedia":[{"embeddable":true,"href":"https:\/\/www.boxloader.com\/fr\/wp-json\/wp\/v2\/media\/1600"}],"wp:attachment":[{"href":"https:\/\/www.boxloader.com\/fr\/wp-json\/wp\/v2\/media?parent=63"}],"curies":[{"name":"wp","href":"https:\/\/api.w.org\/{rel}","templated":true}]}}