{"id":389,"date":"2019-12-11T17:42:57","date_gmt":"2019-12-11T16:42:57","guid":{"rendered":"http:\/\/rarsdsv.cluster028.hosting.ovh.net\/?page_id=389"},"modified":"2020-01-28T11:30:20","modified_gmt":"2020-01-28T10:30:20","slug":"mentions-legales","status":"publish","type":"page","link":"https:\/\/www.boxloader.com\/fr\/mentions-legales\/","title":{"rendered":"Mentions l\u00e9gales"},"content":{"rendered":"<h2 class=\"page_title\">Editeur :<\/h2>\n<article class=\"page_hentry\">Boxloader<br \/>\n70, rue Ren\u00e9 Coty, Zone Actisud,<br \/>\n85000 La Roche sur Yon, FRANCE<br \/>\nT\u00e9l : + 33 (0) 251 21 21 21<\/article>\n<article><\/article>\n<article class=\"page_hentry\"><strong>Directeur de publication :<\/strong><br \/>\nVincent Sastre<br \/>\n<strong>R\u00e9alisation :<\/strong><br \/>\n<a href=\"https:\/\/www.kalelia.fr\/\">Agence Kal\u00e9lia<\/a><br \/>\n3, All\u00e9e Susan Brownell Anthony<br \/>\n44200 Nantes<br \/>\n<strong>H\u00e9bergement :<br \/>\n<\/strong>OVH<\/article>\n<article class=\"page_hentry\">Tout lien avec ce Site Web doit faire pr\u00e9alablement l\u2019objet d\u2019une information adress\u00e9e par email, Boxloader se r\u00e9servant le droit d\u2019exiger la suppression de ce lien. Ce Site Web constitue une oeuvre prot\u00e9g\u00e9e en France par le Code le Propri\u00e9t\u00e9 Intellectuelle, et \u00e0 l\u2019\u00e9tranger par les conventions internationales en vigueur sur le droit d\u2019auteur. La violation de l\u2019un des droits d\u2019auteur de l\u2019oeuvre est un d\u00e9lit de contrefa\u00e7on passible, aux termes de l\u2019article L.335-2 du Code de la Propri\u00e9t\u00e9 Intellectuelle, de 2 ans d\u2019emprisonnement et de 152 450 \u20ac d\u2019amende.Donn\u00e9es personnelles :<br \/>\nLe site Internet Boxloader.com (le Site) est la propri\u00e9t\u00e9 de Boxloader.<br \/>\nIl pr\u00e9sente aux visiteurs et aux clients naviguant sur le Site \u2028(les Utilisateurs) un certain nombre d\u2019informations li\u00e9es aux produits et aux services de Boxloader.<br \/>\nL\u2019Utilisateur s\u2019engage d\u2019ores et d\u00e9j\u00e0 \u00e0 faire des\u2028 informations contenues sur le Site un usage personnel et non commercial.Consultez notre\u00a0<a href=\"https:\/\/www.boxloader.com\/fr\/politique-de-confidentialite\/\">politique de confidentialit\u00e9<\/a><\/article>\n<article class=\"page_hentry\"><strong>Tous droits r\u00e9serv\u00e9s \u2013 Reproduction partielle ou int\u00e9grale interdite sans autorisation \u00e9crite.<\/strong><\/article>\n","protected":false},"excerpt":{"rendered":"<p>Editeur : Boxloader 70, rue Ren\u00e9&#8230; <br \/><a class=\"readmore\" href=\"https:\/\/www.boxloader.com\/fr\/mentions-legales\/\">Lire la suite<\/a><\/p>\n","protected":false},"author":1,"featured_media":151,"parent":0,"menu_order":0,"comment_status":"closed","ping_status":"closed","template":"","meta":{"footnotes":""},"class_list":["post-389","page","type-page","status-publish","has-post-thumbnail","hentry"],"yoast_head":"<!-- This site is optimized with the Yoast SEO plugin v26.8 - https:\/\/yoast.com\/product\/yoast-seo-wordpress\/ -->\n<title>Mentions l\u00e9gales - BoxLoader<\/title>\n<meta name=\"robots\" content=\"index, follow, max-snippet:-1, max-image-preview:large, max-video-preview:-1\" \/>\n<link rel=\"canonical\" href=\"https:\/\/www.boxloader.com\/terms-and-conditions\/\" \/>\n<meta property=\"og:locale\" content=\"fr_FR\" \/>\n<meta property=\"og:type\" content=\"article\" \/>\n<meta property=\"og:title\" content=\"Mentions l\u00e9gales - BoxLoader\" \/>\n<meta property=\"og:description\" content=\"Editeur : Boxloader 70, rue Ren\u00e9... Lire la suite\" \/>\n<meta property=\"og:url\" content=\"https:\/\/www.boxloader.com\/terms-and-conditions\/\" \/>\n<meta property=\"og:site_name\" content=\"BoxLoader\" \/>\n<meta property=\"article:modified_time\" content=\"2020-01-28T10:30:20+00:00\" \/>\n<meta property=\"og:image\" content=\"https:\/\/www.boxloader.com\/wp-content\/uploads\/2019\/12\/Boxloader_presentation.jpg\" \/>\n\t<meta property=\"og:image:width\" content=\"1900\" \/>\n\t<meta property=\"og:image:height\" content=\"450\" \/>\n\t<meta property=\"og:image:type\" content=\"image\/jpeg\" \/>\n<meta name=\"twitter:card\" content=\"summary_large_image\" \/>\n<meta name=\"twitter:label1\" content=\"Dur\u00e9e de lecture estim\u00e9e\" \/>\n\t<meta name=\"twitter:data1\" content=\"1 minute\" \/>\n<script type=\"application\/ld+json\" class=\"yoast-schema-graph\">{\"@context\":\"https:\/\/schema.org\",\"@graph\":[{\"@type\":\"WebPage\",\"@id\":\"https:\/\/www.boxloader.com\/terms-and-conditions\/\",\"url\":\"https:\/\/www.boxloader.com\/terms-and-conditions\/\",\"name\":\"Mentions l\u00e9gales - BoxLoader\",\"isPartOf\":{\"@id\":\"https:\/\/www.boxloader.com\/#website\"},\"primaryImageOfPage\":{\"@id\":\"https:\/\/www.boxloader.com\/terms-and-conditions\/#primaryimage\"},\"image\":{\"@id\":\"https:\/\/www.boxloader.com\/terms-and-conditions\/#primaryimage\"},\"thumbnailUrl\":\"https:\/\/www.boxloader.com\/wp-content\/uploads\/2019\/12\/Boxloader_presentation.jpg\",\"datePublished\":\"2019-12-11T16:42:57+00:00\",\"dateModified\":\"2020-01-28T10:30:20+00:00\",\"breadcrumb\":{\"@id\":\"https:\/\/www.boxloader.com\/terms-and-conditions\/#breadcrumb\"},\"inLanguage\":\"fr-FR\",\"potentialAction\":[{\"@type\":\"ReadAction\",\"target\":[\"https:\/\/www.boxloader.com\/terms-and-conditions\/\"]}]},{\"@type\":\"ImageObject\",\"inLanguage\":\"fr-FR\",\"@id\":\"https:\/\/www.boxloader.com\/terms-and-conditions\/#primaryimage\",\"url\":\"https:\/\/www.boxloader.com\/wp-content\/uploads\/2019\/12\/Boxloader_presentation.jpg\",\"contentUrl\":\"https:\/\/www.boxloader.com\/wp-content\/uploads\/2019\/12\/Boxloader_presentation.jpg\",\"width\":1900,\"height\":450},{\"@type\":\"BreadcrumbList\",\"@id\":\"https:\/\/www.boxloader.com\/terms-and-conditions\/#breadcrumb\",\"itemListElement\":[{\"@type\":\"ListItem\",\"position\":1,\"name\":\"Home\",\"item\":\"https:\/\/www.boxloader.com\/\"},{\"@type\":\"ListItem\",\"position\":2,\"name\":\"Mentions l\u00e9gales\"}]},{\"@type\":\"WebSite\",\"@id\":\"https:\/\/www.boxloader.com\/#website\",\"url\":\"https:\/\/www.boxloader.com\/\",\"name\":\"BoxLoader\",\"description\":\"l\u00e8ve conteneur, sideloader et chargeur lat\u00e9ral pour ch\u00e2ssis et remorque\",\"publisher\":{\"@id\":\"https:\/\/www.boxloader.com\/#organization\"},\"potentialAction\":[{\"@type\":\"SearchAction\",\"target\":{\"@type\":\"EntryPoint\",\"urlTemplate\":\"https:\/\/www.boxloader.com\/?s={search_term_string}\"},\"query-input\":{\"@type\":\"PropertyValueSpecification\",\"valueRequired\":true,\"valueName\":\"search_term_string\"}}],\"inLanguage\":\"fr-FR\"},{\"@type\":\"Organization\",\"@id\":\"https:\/\/www.boxloader.com\/#organization\",\"name\":\"BoXLoader\",\"url\":\"https:\/\/www.boxloader.com\/\",\"logo\":{\"@type\":\"ImageObject\",\"inLanguage\":\"fr-FR\",\"@id\":\"https:\/\/www.boxloader.com\/#\/schema\/logo\/image\/\",\"url\":\"https:\/\/www.boxloader.com\/wp-content\/uploads\/2019\/12\/BOXLOADER_DE\u00a6u\u0308FONCE_COULEUR_RVB.jpg\",\"contentUrl\":\"https:\/\/www.boxloader.com\/wp-content\/uploads\/2019\/12\/BOXLOADER_DE\u00a6u\u0308FONCE_COULEUR_RVB.jpg\",\"width\":2560,\"height\":710,\"caption\":\"BoXLoader\"},\"image\":{\"@id\":\"https:\/\/www.boxloader.com\/#\/schema\/logo\/image\/\"}}]}<\/script>\n<!-- \/ Yoast SEO plugin. -->","yoast_head_json":{"title":"Mentions l\u00e9gales - BoxLoader","robots":{"index":"index","follow":"follow","max-snippet":"max-snippet:-1","max-image-preview":"max-image-preview:large","max-video-preview":"max-video-preview:-1"},"canonical":"https:\/\/www.boxloader.com\/terms-and-conditions\/","og_locale":"fr_FR","og_type":"article","og_title":"Mentions l\u00e9gales - BoxLoader","og_description":"Editeur : Boxloader 70, rue Ren\u00e9... Lire la suite","og_url":"https:\/\/www.boxloader.com\/terms-and-conditions\/","og_site_name":"BoxLoader","article_modified_time":"2020-01-28T10:30:20+00:00","og_image":[{"width":1900,"height":450,"url":"https:\/\/www.boxloader.com\/wp-content\/uploads\/2019\/12\/Boxloader_presentation.jpg","type":"image\/jpeg"}],"twitter_card":"summary_large_image","twitter_misc":{"Dur\u00e9e de lecture estim\u00e9e":"1 minute"},"schema":{"@context":"https:\/\/schema.org","@graph":[{"@type":"WebPage","@id":"https:\/\/www.boxloader.com\/terms-and-conditions\/","url":"https:\/\/www.boxloader.com\/terms-and-conditions\/","name":"Mentions l\u00e9gales - BoxLoader","isPartOf":{"@id":"https:\/\/www.boxloader.com\/#website"},"primaryImageOfPage":{"@id":"https:\/\/www.boxloader.com\/terms-and-conditions\/#primaryimage"},"image":{"@id":"https:\/\/www.boxloader.com\/terms-and-conditions\/#primaryimage"},"thumbnailUrl":"https:\/\/www.boxloader.com\/wp-content\/uploads\/2019\/12\/Boxloader_presentation.jpg","datePublished":"2019-12-11T16:42:57+00:00","dateModified":"2020-01-28T10:30:20+00:00","breadcrumb":{"@id":"https:\/\/www.boxloader.com\/terms-and-conditions\/#breadcrumb"},"inLanguage":"fr-FR","potentialAction":[{"@type":"ReadAction","target":["https:\/\/www.boxloader.com\/terms-and-conditions\/"]}]},{"@type":"ImageObject","inLanguage":"fr-FR","@id":"https:\/\/www.boxloader.com\/terms-and-conditions\/#primaryimage","url":"https:\/\/www.boxloader.com\/wp-content\/uploads\/2019\/12\/Boxloader_presentation.jpg","contentUrl":"https:\/\/www.boxloader.com\/wp-content\/uploads\/2019\/12\/Boxloader_presentation.jpg","width":1900,"height":450},{"@type":"BreadcrumbList","@id":"https:\/\/www.boxloader.com\/terms-and-conditions\/#breadcrumb","itemListElement":[{"@type":"ListItem","position":1,"name":"Home","item":"https:\/\/www.boxloader.com\/"},{"@type":"ListItem","position":2,"name":"Mentions l\u00e9gales"}]},{"@type":"WebSite","@id":"https:\/\/www.boxloader.com\/#website","url":"https:\/\/www.boxloader.com\/","name":"BoxLoader","description":"l\u00e8ve conteneur, sideloader et chargeur lat\u00e9ral pour ch\u00e2ssis et remorque","publisher":{"@id":"https:\/\/www.boxloader.com\/#organization"},"potentialAction":[{"@type":"SearchAction","target":{"@type":"EntryPoint","urlTemplate":"https:\/\/www.boxloader.com\/?s={search_term_string}"},"query-input":{"@type":"PropertyValueSpecification","valueRequired":true,"valueName":"search_term_string"}}],"inLanguage":"fr-FR"},{"@type":"Organization","@id":"https:\/\/www.boxloader.com\/#organization","name":"BoXLoader","url":"https:\/\/www.boxloader.com\/","logo":{"@type":"ImageObject","inLanguage":"fr-FR","@id":"https:\/\/www.boxloader.com\/#\/schema\/logo\/image\/","url":"https:\/\/www.boxloader.com\/wp-content\/uploads\/2019\/12\/BOXLOADER_DE\u00a6u\u0308FONCE_COULEUR_RVB.jpg","contentUrl":"https:\/\/www.boxloader.com\/wp-content\/uploads\/2019\/12\/BOXLOADER_DE\u00a6u\u0308FONCE_COULEUR_RVB.jpg","width":2560,"height":710,"caption":"BoXLoader"},"image":{"@id":"https:\/\/www.boxloader.com\/#\/schema\/logo\/image\/"}}]}},"_links":{"self":[{"href":"https:\/\/www.boxloader.com\/fr\/wp-json\/wp\/v2\/pages\/389","targetHints":{"allow":["GET"]}}],"collection":[{"href":"https:\/\/www.boxloader.com\/fr\/wp-json\/wp\/v2\/pages"}],"about":[{"href":"https:\/\/www.boxloader.com\/fr\/wp-json\/wp\/v2\/types\/page"}],"author":[{"embeddable":true,"href":"https:\/\/www.boxloader.com\/fr\/wp-json\/wp\/v2\/users\/1"}],"replies":[{"embeddable":true,"href":"https:\/\/www.boxloader.com\/fr\/wp-json\/wp\/v2\/comments?post=389"}],"version-history":[{"count":5,"href":"https:\/\/www.boxloader.com\/fr\/wp-json\/wp\/v2\/pages\/389\/revisions"}],"predecessor-version":[{"id":1536,"href":"https:\/\/www.boxloader.com\/fr\/wp-json\/wp\/v2\/pages\/389\/revisions\/1536"}],"wp:featuredmedia":[{"embeddable":true,"href":"https:\/\/www.boxloader.com\/fr\/wp-json\/wp\/v2\/media\/151"}],"wp:attachment":[{"href":"https:\/\/www.boxloader.com\/fr\/wp-json\/wp\/v2\/media?parent=389"}],"curies":[{"name":"wp","href":"https:\/\/api.w.org\/{rel}","templated":true}]}}