{"id":3,"date":"2019-11-28T14:47:27","date_gmt":"2019-11-28T13:47:27","guid":{"rendered":"http:\/\/localhost\/projets\/Wordpress\/Boxloader\/?page_id=3"},"modified":"2020-01-28T11:36:51","modified_gmt":"2020-01-28T10:36:51","slug":"politique-de-confidentialite","status":"publish","type":"page","link":"https:\/\/www.boxloader.com\/fr\/politique-de-confidentialite\/","title":{"rendered":"Politique de confidentialit\u00e9"},"content":{"rendered":"\r\n<p>Boxloader s\u2019engage \u00e0 ce que la collecte et le traitement de vos donn\u00e9es, effectu\u00e9s \u00e0 partir du site <a href=\"https:\/\/www.boxloader.com\/\">boxloader.com<\/a>, soient conformes au r\u00e8glement g\u00e9n\u00e9ral sur la protection des donn\u00e9es (RGPD) et \u00e0 la loi Informatique et Libert\u00e9s.<\/p>\r\n<p><strong>Donn\u00e9es collect\u00e9es<\/strong><\/p>\r\n<p>Le formulaire de contact limite la collecte des donn\u00e9es personnelles au strict n\u00e9cessaire (minimisation des donn\u00e9es) et indique notamment :<\/p>\r\n<p>si ces donn\u00e9es sont obligatoires ou facultatives pour la gestion de votre demande ;<br \/>vos droits Informatique et Libert\u00e9s\u00a0et la fa\u00e7on de les exercer.<br \/>Les donn\u00e9es personnelles recueillies dans le cadre des produits et services propos\u00e9s sur <a href=\"https:\/\/www.boxloader.com\/\">boxloader.com<\/a> sont trait\u00e9es selon des protocoles s\u00e9curis\u00e9s et permettent \u00e0 Boxloader de g\u00e9rer les demandes re\u00e7ues dans ses applications informatiques.<\/p>\r\n<p><strong>Finalit\u00e9s<\/strong><\/p>\r\n<p>La gestion marketing : envoi d\u2019informations sur nos offres et services<br \/>La gestion commerciale : analyse des besoins et recommandations commerciales<br \/>La gestion ressources humaines : r\u00e9ponse au candidature spontan\u00e9e et annonces de recrutement<\/p>\r\n<p><strong>Destinataires des donn\u00e9es<\/strong><\/p>\r\n<p>Les donn\u00e9es \u00e0 caract\u00e8re personnel collect\u00e9es sont destin\u00e9es aux services marketing et ressources humaines.<br \/>En dehors de ces hypoth\u00e8ses, la divulgation des donn\u00e9es \u00e0 caract\u00e8re personnel \u00e0 des tiers ne pourra intervenir que dans les cas suivants :<\/p>\r\n<ul>\r\n<li>sur autorisation de leur part ;<\/li>\r\n<li>sur demande des autorit\u00e9s l\u00e9galement comp\u00e9tentes, sur r\u00e9quisition judiciaire, ou dans le cadre d\u2019un contentieux judiciaire.<\/li>\r\n<\/ul>\r\n<p><strong>Dur\u00e9e de conservation des donn\u00e9es<br \/><\/strong><br \/>Les donn\u00e9es \u00e0 caract\u00e8re personnel collect\u00e9es par Boxloader relatives \u00e0 l\u2019identit\u00e9 et aux coordonn\u00e9es de ses utilisateurs sont archiv\u00e9es pendant une dur\u00e9e illimit\u00e9e.<\/p>\r\n<p><strong>Droit des Utilisateurs<\/strong><\/p>\r\n<p>Pour toute information ou exercice de vos droits Informatique et Libert\u00e9s sur les traitements de donn\u00e9es personnelles g\u00e9r\u00e9s par Boxloader vous pouvez nous contacter :<\/p>\r\n<p>par email ou par courrier sign\u00e9 accompagn\u00e9 de la copie d\u2019un titre d\u2019identit\u00e9 \u00e0 l\u2019adresse suivante :<\/p>\r\n<p>Boxloader<br \/>70, rue Ren\u00e9 Coty, Zone Actisud, <br \/>85000 La Roche sur Yon, FRANCE<br \/>T\u00e9l : + 33 (0) 251 21 21 21<strong><br \/><\/strong><\/p>\r\n<p><strong>Cookies<\/strong><\/p>\r\n<p>Statistiques et mesures d\u2019audience<br \/>Cette page d\u2019information est destin\u00e9e \u00e0 informer l\u2019utilisateur du fonctionnement des cookies d\u00e9pos\u00e9s lors de sa navigation sur les sites, quel que soit l\u2019\u00e9quipement (ordinateur, tablette ou mobile). Boxloader utilise des cookies afin de r\u00e9aliser des statistiques de visites, enregistrer les donn\u00e9es communiqu\u00e9es, et am\u00e9liorer le parcours de navigation des utilisateurs.<\/p>\r\n<p>Qu\u2019est-ce qu\u2019un Cookie ?<br \/>Le terme \u00ab Cookie(s) \u00bb d\u00e9signe l\u2019ensemble des traceurs (pixel tag, bugs, webs storage,\u2026) d\u00e9pos\u00e9s et\/ou lus, par exemple, lors de la consultation d\u2019un site Internet ou d\u2019une publicit\u00e9.<\/p>\r\n<p>Il s\u2019agit donc d\u2019une information d\u00e9pos\u00e9e sur le disque dur de l\u2019\u00e9quipement de l\u2019utilisateur par le serveur du site ou de l\u2019application visit\u00e9.<br \/>Il contient plusieurs donn\u00e9es :<\/p>\r\n<ul>\r\n<li>le nom du serveur qui l\u2019a d\u00e9pos\u00e9 ;<\/li>\r\n<li>un identifiant sous forme de num\u00e9ro unique ;<\/li>\r\n<li>\u00e9ventuellement une date d\u2019expiration de cookies\u2026<\/li>\r\n<\/ul>\r\n<p>Ces informations sont parfois stock\u00e9es sur l\u2019\u00e9quipement dans un simple fichier texte auquel un serveur acc\u00e8de pour lire et enregistrer des informations.<\/p>\r\n<p>Plusieurs types de Cookies sont pr\u00e9sents sur les Sites. Il s\u2019agit de Cookies ayant les finalit\u00e9s suivantes :<\/p>\r\n<p>Les Cookies n\u00e9cessaires au fonctionnement des sites<br \/>Les Cookies utilis\u00e9s dans le cadre des mesures d\u2019audience<br \/>Les Cookies n\u00e9cessaires au fonctionnement des Sites<br \/>Ces Cookies sont n\u00e9cessaires au bon fonctionnement des Sites et \u00e0 la navigation sur les Sites. Ils permettent \u00e0 l\u2019Utilisateur d\u2019acc\u00e9der aux principales fonctionnalit\u00e9s des Sites.<br \/>Les Cookies de mesure d\u2019audience<\/p>\r\n<p>Ces Cookies sont destin\u00e9s \u00e0 \u00e9tablir la volum\u00e9trie et des statistiques de fr\u00e9quentation des Sites, des diff\u00e9rentes rubriques ainsi que l\u2019utilisation des services propos\u00e9s sur chacun d\u2019entre eux.<br \/>Ces Cookies permettent \u00e0 Un parrain 1 emploi d\u2019am\u00e9liorer le fonctionnement et l\u2019ergonomie des Sites.<\/p>\r\n<p><strong>Gestion des cookies<\/strong><\/p>\r\n<p>Les Utilisateurs ont la possibilit\u00e9 d\u2019accepter ou de refuser les cookies sur le site ou de les refuser une fois pour toutes en param\u00e9trant leur navigateur.<br \/>Si l\u2019Utilisateur choisit de refuser l\u2019ensemble des cookies, la navigation acc\u00e9dant \u00e0 certaines pages du site sera r\u00e9duite.<br \/>Selon le navigateur utilis\u00e9 par les Utilisateurs, les modalit\u00e9s de suppression des cookies sont les suivantes :<\/p>\r\n<p><em>Sur Internet Explorer<\/em><\/p>\r\n<p>Cliquer sur le bouton Outils, puis sur Options Internet.<br \/>Sous l\u2019onglet G\u00e9n\u00e9ral, sous Historique de navigation, cliquer sur Param\u00e8tres.<br \/>Cliquer sur le bouton Afficher les fichiers.<br \/>S\u00e9lectionner les cookies \u00e0 refuser et cliquer sur supprimer.<\/p>\r\n<p><em>Sur Firefox<\/em><\/p>\r\n<p>Cliquer sur l\u2019ic\u00f4ne Outils du navigateur, s\u00e9lectionner le menu Options<br \/>Dans la fen\u00eatre qui s\u2019affiche, choisir \u00ab\u00a0Vie priv\u00e9e\u00a0\u00bb et cliquer sur \u00ab\u00a0Affichez les cookies\u00a0\u00bb<br \/>S\u00e9lectionner les cookies \u00e0 refuser et cliquer sur supprimer.<\/p>\r\n<p><em>Sur Safari<\/em><\/p>\r\n<p>Cliquer sur l\u2019ic\u00f4ne \u00c9dition, s\u00e9lectionner le menu Pr\u00e9f\u00e9rences.<br \/>Cliquer sur S\u00e9curit\u00e9 puis sur Afficher les cookies.<br \/>S\u00e9lectionner les cookies \u00e0 refuser et cliquer sur supprimer.<\/p>\r\n<p><em>Sur Google Chrome<\/em><\/p>\r\n<p>Cliquer sur l\u2019ic\u00f4ne Outils, s\u00e9lectionner le menu Options puis cliquer l\u2019onglet Options avanc\u00e9es et acc\u00e9der \u00e0 la section \u00ab\u00a0Confidentialit\u00e9\u00a0\u00bb. Cliquer sur le bouton \u00ab\u00a0Afficher les cookies\u00a0\u00bb .<br \/>S\u00e9lectionner les cookies \u00e0 refuser puis cliquer sur supprimer.<\/p>\r\n<p>Dur\u00e9e de vie des cookies<br \/>Les cookies sont d\u00e9pos\u00e9s sur le terminal de l\u2019Utilisateur pour une dur\u00e9e maximum de 13 mois \u00e0 compter de la manifestation du consentement de l\u2019Utilisateur.<br \/>Pass\u00e9 ce d\u00e9lai, le consentement sera \u00e0 nouveau recueilli.<\/p>\r\n<p><strong>Contact<\/strong><br \/>Toute question concernant la Politique de confidentialit\u00e9 \u00e0 Boxloader peut \u00eatre adress\u00e9e par e-mail ou par courrier \u00e0 :<\/p>\r\n<p>Boxloader<br \/>70, rue Ren\u00e9 Coty, Zone Actisud, <br \/>85000 La Roche sur Yon, FRANCE<br \/>T\u00e9l : + 33 (0) 251 21 21 21<\/p>\r\n","protected":false},"excerpt":{"rendered":"<p>Boxloader s\u2019engage \u00e0 ce que la&#8230; <br \/><a class=\"readmore\" href=\"https:\/\/www.boxloader.com\/fr\/politique-de-confidentialite\/\">Lire la suite<\/a><\/p>\n","protected":false},"author":1,"featured_media":151,"parent":0,"menu_order":0,"comment_status":"closed","ping_status":"open","template":"","meta":{"footnotes":""},"class_list":["post-3","page","type-page","status-publish","has-post-thumbnail","hentry"],"yoast_head":"<!-- This site is optimized with the Yoast SEO plugin v26.8 - https:\/\/yoast.com\/product\/yoast-seo-wordpress\/ -->\n<title>Politique de confidentialit\u00e9 - BoxLoader<\/title>\n<meta name=\"robots\" content=\"index, follow, max-snippet:-1, max-image-preview:large, max-video-preview:-1\" \/>\n<link rel=\"canonical\" href=\"https:\/\/www.boxloader.com\/privacy-policy\/\" \/>\n<meta property=\"og:locale\" content=\"fr_FR\" \/>\n<meta property=\"og:type\" content=\"article\" \/>\n<meta property=\"og:title\" content=\"Politique de confidentialit\u00e9 - BoxLoader\" \/>\n<meta property=\"og:description\" content=\"Boxloader s\u2019engage \u00e0 ce que la... Lire la suite\" \/>\n<meta property=\"og:url\" content=\"https:\/\/www.boxloader.com\/privacy-policy\/\" \/>\n<meta property=\"og:site_name\" content=\"BoxLoader\" \/>\n<meta property=\"article:modified_time\" content=\"2020-01-28T10:36:51+00:00\" \/>\n<meta property=\"og:image\" content=\"https:\/\/www.boxloader.com\/wp-content\/uploads\/2019\/12\/Boxloader_presentation.jpg\" \/>\n\t<meta property=\"og:image:width\" content=\"1900\" \/>\n\t<meta property=\"og:image:height\" content=\"450\" \/>\n\t<meta property=\"og:image:type\" content=\"image\/jpeg\" \/>\n<meta name=\"twitter:card\" content=\"summary_large_image\" \/>\n<meta name=\"twitter:label1\" content=\"Dur\u00e9e de lecture estim\u00e9e\" \/>\n\t<meta name=\"twitter:data1\" content=\"5 minutes\" \/>\n<script type=\"application\/ld+json\" class=\"yoast-schema-graph\">{\"@context\":\"https:\/\/schema.org\",\"@graph\":[{\"@type\":\"WebPage\",\"@id\":\"https:\/\/www.boxloader.com\/privacy-policy\/\",\"url\":\"https:\/\/www.boxloader.com\/privacy-policy\/\",\"name\":\"Politique de confidentialit\u00e9 - BoxLoader\",\"isPartOf\":{\"@id\":\"https:\/\/www.boxloader.com\/#website\"},\"primaryImageOfPage\":{\"@id\":\"https:\/\/www.boxloader.com\/privacy-policy\/#primaryimage\"},\"image\":{\"@id\":\"https:\/\/www.boxloader.com\/privacy-policy\/#primaryimage\"},\"thumbnailUrl\":\"https:\/\/www.boxloader.com\/wp-content\/uploads\/2019\/12\/Boxloader_presentation.jpg\",\"datePublished\":\"2019-11-28T13:47:27+00:00\",\"dateModified\":\"2020-01-28T10:36:51+00:00\",\"breadcrumb\":{\"@id\":\"https:\/\/www.boxloader.com\/privacy-policy\/#breadcrumb\"},\"inLanguage\":\"fr-FR\",\"potentialAction\":[{\"@type\":\"ReadAction\",\"target\":[\"https:\/\/www.boxloader.com\/privacy-policy\/\"]}]},{\"@type\":\"ImageObject\",\"inLanguage\":\"fr-FR\",\"@id\":\"https:\/\/www.boxloader.com\/privacy-policy\/#primaryimage\",\"url\":\"https:\/\/www.boxloader.com\/wp-content\/uploads\/2019\/12\/Boxloader_presentation.jpg\",\"contentUrl\":\"https:\/\/www.boxloader.com\/wp-content\/uploads\/2019\/12\/Boxloader_presentation.jpg\",\"width\":1900,\"height\":450},{\"@type\":\"BreadcrumbList\",\"@id\":\"https:\/\/www.boxloader.com\/privacy-policy\/#breadcrumb\",\"itemListElement\":[{\"@type\":\"ListItem\",\"position\":1,\"name\":\"Home\",\"item\":\"https:\/\/www.boxloader.com\/\"},{\"@type\":\"ListItem\",\"position\":2,\"name\":\"Politique de confidentialit\u00e9\"}]},{\"@type\":\"WebSite\",\"@id\":\"https:\/\/www.boxloader.com\/#website\",\"url\":\"https:\/\/www.boxloader.com\/\",\"name\":\"BoxLoader\",\"description\":\"l\u00e8ve conteneur, sideloader et chargeur lat\u00e9ral pour ch\u00e2ssis et remorque\",\"publisher\":{\"@id\":\"https:\/\/www.boxloader.com\/#organization\"},\"potentialAction\":[{\"@type\":\"SearchAction\",\"target\":{\"@type\":\"EntryPoint\",\"urlTemplate\":\"https:\/\/www.boxloader.com\/?s={search_term_string}\"},\"query-input\":{\"@type\":\"PropertyValueSpecification\",\"valueRequired\":true,\"valueName\":\"search_term_string\"}}],\"inLanguage\":\"fr-FR\"},{\"@type\":\"Organization\",\"@id\":\"https:\/\/www.boxloader.com\/#organization\",\"name\":\"BoXLoader\",\"url\":\"https:\/\/www.boxloader.com\/\",\"logo\":{\"@type\":\"ImageObject\",\"inLanguage\":\"fr-FR\",\"@id\":\"https:\/\/www.boxloader.com\/#\/schema\/logo\/image\/\",\"url\":\"https:\/\/www.boxloader.com\/wp-content\/uploads\/2019\/12\/BOXLOADER_DE\u00a6u\u0308FONCE_COULEUR_RVB.jpg\",\"contentUrl\":\"https:\/\/www.boxloader.com\/wp-content\/uploads\/2019\/12\/BOXLOADER_DE\u00a6u\u0308FONCE_COULEUR_RVB.jpg\",\"width\":2560,\"height\":710,\"caption\":\"BoXLoader\"},\"image\":{\"@id\":\"https:\/\/www.boxloader.com\/#\/schema\/logo\/image\/\"}}]}<\/script>\n<!-- \/ Yoast SEO plugin. -->","yoast_head_json":{"title":"Politique de confidentialit\u00e9 - BoxLoader","robots":{"index":"index","follow":"follow","max-snippet":"max-snippet:-1","max-image-preview":"max-image-preview:large","max-video-preview":"max-video-preview:-1"},"canonical":"https:\/\/www.boxloader.com\/privacy-policy\/","og_locale":"fr_FR","og_type":"article","og_title":"Politique de confidentialit\u00e9 - BoxLoader","og_description":"Boxloader s\u2019engage \u00e0 ce que la... Lire la suite","og_url":"https:\/\/www.boxloader.com\/privacy-policy\/","og_site_name":"BoxLoader","article_modified_time":"2020-01-28T10:36:51+00:00","og_image":[{"width":1900,"height":450,"url":"https:\/\/www.boxloader.com\/wp-content\/uploads\/2019\/12\/Boxloader_presentation.jpg","type":"image\/jpeg"}],"twitter_card":"summary_large_image","twitter_misc":{"Dur\u00e9e de lecture estim\u00e9e":"5 minutes"},"schema":{"@context":"https:\/\/schema.org","@graph":[{"@type":"WebPage","@id":"https:\/\/www.boxloader.com\/privacy-policy\/","url":"https:\/\/www.boxloader.com\/privacy-policy\/","name":"Politique de confidentialit\u00e9 - BoxLoader","isPartOf":{"@id":"https:\/\/www.boxloader.com\/#website"},"primaryImageOfPage":{"@id":"https:\/\/www.boxloader.com\/privacy-policy\/#primaryimage"},"image":{"@id":"https:\/\/www.boxloader.com\/privacy-policy\/#primaryimage"},"thumbnailUrl":"https:\/\/www.boxloader.com\/wp-content\/uploads\/2019\/12\/Boxloader_presentation.jpg","datePublished":"2019-11-28T13:47:27+00:00","dateModified":"2020-01-28T10:36:51+00:00","breadcrumb":{"@id":"https:\/\/www.boxloader.com\/privacy-policy\/#breadcrumb"},"inLanguage":"fr-FR","potentialAction":[{"@type":"ReadAction","target":["https:\/\/www.boxloader.com\/privacy-policy\/"]}]},{"@type":"ImageObject","inLanguage":"fr-FR","@id":"https:\/\/www.boxloader.com\/privacy-policy\/#primaryimage","url":"https:\/\/www.boxloader.com\/wp-content\/uploads\/2019\/12\/Boxloader_presentation.jpg","contentUrl":"https:\/\/www.boxloader.com\/wp-content\/uploads\/2019\/12\/Boxloader_presentation.jpg","width":1900,"height":450},{"@type":"BreadcrumbList","@id":"https:\/\/www.boxloader.com\/privacy-policy\/#breadcrumb","itemListElement":[{"@type":"ListItem","position":1,"name":"Home","item":"https:\/\/www.boxloader.com\/"},{"@type":"ListItem","position":2,"name":"Politique de confidentialit\u00e9"}]},{"@type":"WebSite","@id":"https:\/\/www.boxloader.com\/#website","url":"https:\/\/www.boxloader.com\/","name":"BoxLoader","description":"l\u00e8ve conteneur, sideloader et chargeur lat\u00e9ral pour ch\u00e2ssis et remorque","publisher":{"@id":"https:\/\/www.boxloader.com\/#organization"},"potentialAction":[{"@type":"SearchAction","target":{"@type":"EntryPoint","urlTemplate":"https:\/\/www.boxloader.com\/?s={search_term_string}"},"query-input":{"@type":"PropertyValueSpecification","valueRequired":true,"valueName":"search_term_string"}}],"inLanguage":"fr-FR"},{"@type":"Organization","@id":"https:\/\/www.boxloader.com\/#organization","name":"BoXLoader","url":"https:\/\/www.boxloader.com\/","logo":{"@type":"ImageObject","inLanguage":"fr-FR","@id":"https:\/\/www.boxloader.com\/#\/schema\/logo\/image\/","url":"https:\/\/www.boxloader.com\/wp-content\/uploads\/2019\/12\/BOXLOADER_DE\u00a6u\u0308FONCE_COULEUR_RVB.jpg","contentUrl":"https:\/\/www.boxloader.com\/wp-content\/uploads\/2019\/12\/BOXLOADER_DE\u00a6u\u0308FONCE_COULEUR_RVB.jpg","width":2560,"height":710,"caption":"BoXLoader"},"image":{"@id":"https:\/\/www.boxloader.com\/#\/schema\/logo\/image\/"}}]}},"_links":{"self":[{"href":"https:\/\/www.boxloader.com\/fr\/wp-json\/wp\/v2\/pages\/3","targetHints":{"allow":["GET"]}}],"collection":[{"href":"https:\/\/www.boxloader.com\/fr\/wp-json\/wp\/v2\/pages"}],"about":[{"href":"https:\/\/www.boxloader.com\/fr\/wp-json\/wp\/v2\/types\/page"}],"author":[{"embeddable":true,"href":"https:\/\/www.boxloader.com\/fr\/wp-json\/wp\/v2\/users\/1"}],"replies":[{"embeddable":true,"href":"https:\/\/www.boxloader.com\/fr\/wp-json\/wp\/v2\/comments?post=3"}],"version-history":[{"count":4,"href":"https:\/\/www.boxloader.com\/fr\/wp-json\/wp\/v2\/pages\/3\/revisions"}],"predecessor-version":[{"id":1539,"href":"https:\/\/www.boxloader.com\/fr\/wp-json\/wp\/v2\/pages\/3\/revisions\/1539"}],"wp:featuredmedia":[{"embeddable":true,"href":"https:\/\/www.boxloader.com\/fr\/wp-json\/wp\/v2\/media\/151"}],"wp:attachment":[{"href":"https:\/\/www.boxloader.com\/fr\/wp-json\/wp\/v2\/media?parent=3"}],"curies":[{"name":"wp","href":"https:\/\/api.w.org\/{rel}","templated":true}]}}