{"id":180,"date":"2019-12-10T16:28:22","date_gmt":"2019-12-10T15:28:22","guid":{"rendered":"http:\/\/rarsdsv.cluster028.hosting.ovh.net\/?page_id=180"},"modified":"2020-06-20T07:49:12","modified_gmt":"2020-06-20T05:49:12","slug":"fiches-techniques","status":"publish","type":"page","link":"https:\/\/www.boxloader.com\/fr\/fiches-techniques\/","title":{"rendered":"Fiches techniques"},"content":{"rendered":"<p>&nbsp;<\/p>\n<h3>BOXLOADER<\/h3>\n<ul>\n<li><a href=\"https:\/\/www.boxloader.com\/wp-content\/uploads\/2020\/02\/Boxloader_ENG.pdf\">Boxloader presentation_ENG<\/a><\/li>\n<li><a href=\"https:\/\/www.boxloader.com\/wp-content\/uploads\/2020\/02\/Boxloader_FR.pdf\">Boxloader presentation_FR<\/a><\/li>\n<\/ul>\n<p>&nbsp;<\/p>\n<h3>Xtremloader<\/h3>\n<ul>\n<li><a href=\"https:\/\/www.boxloader.com\/wp-content\/uploads\/2020\/01\/Xtrem-Telescopic-20_40-3-axles_rotated.pdf\">Xtremloader Telescopic 20\/40&prime; 3 axles<\/a><\/li>\n<li><a href=\"https:\/\/www.boxloader.com\/wp-content\/uploads\/2020\/01\/Xtremloader-2-Axles-Telescopic-2040_rotated.pdf\">Xtremloader Telescopic 20\/40&prime; 2 axles<\/a><\/li>\n<li><a href=\"https:\/\/www.boxloader.com\/wp-content\/uploads\/2020\/06\/DATASHEET-XTREM.pdf\">Crane double extension stabilizer<\/a><\/li>\n<\/ul>\n<h3>Multiloader<\/h3>\n<ul>\n<li><a href=\"https:\/\/www.boxloader.com\/wp-content\/uploads\/2020\/01\/MULTI-FIX-20-3-ESS.pdf\">Multiloader Fix 20&prime; 3 axles<\/a><\/li>\n<li><a href=\"https:\/\/www.boxloader.com\/wp-content\/uploads\/2020\/01\/MULTI-FIX-20-2-ESS.pdf\">Multiloader Fix 20&prime; 2 axles<\/a><\/li>\n<li><a href=\"https:\/\/www.boxloader.com\/wp-content\/uploads\/2020\/01\/MULTI-TELESCOPIQUE-20_40-3-ESS.pdf\">Multiloader Telescopic 20\/40&prime; 3 axles<\/a><\/li>\n<li><a href=\"https:\/\/www.boxloader.com\/wp-content\/uploads\/2020\/01\/MULTI-FIX-20_40-3-ESS-GOOZENECK.pdf\">Multiloader Fix 20\/40&prime; 3 axles Gooseneck<\/a><\/li>\n<li><a href=\"https:\/\/www.boxloader.com\/wp-content\/uploads\/2019\/12\/TECHNICAL-DATA-CRANE-MULTI-SIMPLEX.pdf\">Crane &#8211; Single stabilizer extension<\/a><\/li>\n<li><a href=\"https:\/\/www.boxloader.com\/wp-content\/uploads\/2020\/01\/MULTI-DATA-SHEET-DOUBLE-EXTENSION-2018-01-09.pdf\">Crane &#8211; Double extension stabilizer<\/a><\/li>\n<\/ul>\n<h3>Speedloader<\/h3>\n<ul>\n<li><a href=\"https:\/\/www.boxloader.com\/wp-content\/uploads\/2020\/01\/SPEED-3-ESS-FIX_rotated.pdf\">Speedloader Fix 3 axles<\/a><\/li>\n<li><a href=\"https:\/\/www.boxloader.com\/wp-content\/uploads\/2020\/01\/Speed-3-essieux-Goozeneck.pdf\">Speedloader Fix 20\/40&prime; 3 axles Gooseneck<\/a><\/li>\n<li><a href=\"https:\/\/www.boxloader.com\/wp-content\/uploads\/2020\/01\/Crane-data-sheet-speedloader.pdf\">Crane &#8211; data sheet<\/a><\/li>\n<\/ul>\n<p>&nbsp;<\/p>\n<h3>Optional features<\/h3>\n<ul>\n<li><a href=\"https:\/\/www.boxloader.com\/wp-content\/uploads\/2019\/12\/FT111A-Essieu-suiveur-directeur-FSC.pdf\">FT111A &#8211; Forced Steering Control<\/a><\/li>\n<li><a href=\"https:\/\/www.boxloader.com\/wp-content\/uploads\/2019\/12\/FT073-DONNEES-MONTAGE-HYDRAULIQUE-TRACTEUR.pdf\">FT073 &#8211; Data hydraulic assembly<\/a><\/li>\n<\/ul>\n<p>De nombreuses options ne sont pas list\u00e9es. Contactez-nous pour plus de d\u00e9tails.<\/p>\n","protected":false},"excerpt":{"rendered":"<p>&nbsp; BOXLOADER Boxloader presentation_ENG Boxloader presentation_FR&#8230; <br \/><a class=\"readmore\" href=\"https:\/\/www.boxloader.com\/fr\/fiches-techniques\/\">Lire la suite<\/a><\/p>\n","protected":false},"author":1,"featured_media":151,"parent":0,"menu_order":0,"comment_status":"closed","ping_status":"closed","template":"","meta":{"footnotes":""},"class_list":["post-180","page","type-page","status-publish","has-post-thumbnail","hentry"],"yoast_head":"<!-- This site is optimized with the Yoast SEO plugin v26.8 - https:\/\/yoast.com\/product\/yoast-seo-wordpress\/ -->\n<title>Fiches techniques - BoxLoader<\/title>\n<meta name=\"robots\" content=\"index, follow, max-snippet:-1, max-image-preview:large, max-video-preview:-1\" \/>\n<link rel=\"canonical\" href=\"https:\/\/www.boxloader.com\/data-sheets\/\" \/>\n<meta property=\"og:locale\" content=\"fr_FR\" \/>\n<meta property=\"og:type\" content=\"article\" \/>\n<meta property=\"og:title\" content=\"Fiches techniques - BoxLoader\" \/>\n<meta property=\"og:description\" content=\"&nbsp; BOXLOADER Boxloader presentation_ENG Boxloader presentation_FR... Lire la suite\" \/>\n<meta property=\"og:url\" content=\"https:\/\/www.boxloader.com\/data-sheets\/\" \/>\n<meta property=\"og:site_name\" content=\"BoxLoader\" \/>\n<meta property=\"article:modified_time\" content=\"2020-06-20T05:49:12+00:00\" \/>\n<meta property=\"og:image\" content=\"https:\/\/www.boxloader.com\/wp-content\/uploads\/2019\/12\/Boxloader_presentation.jpg\" \/>\n\t<meta property=\"og:image:width\" content=\"1900\" \/>\n\t<meta property=\"og:image:height\" content=\"450\" \/>\n\t<meta property=\"og:image:type\" content=\"image\/jpeg\" \/>\n<meta name=\"twitter:card\" content=\"summary_large_image\" \/>\n<script type=\"application\/ld+json\" class=\"yoast-schema-graph\">{\"@context\":\"https:\/\/schema.org\",\"@graph\":[{\"@type\":\"WebPage\",\"@id\":\"https:\/\/www.boxloader.com\/data-sheets\/\",\"url\":\"https:\/\/www.boxloader.com\/data-sheets\/\",\"name\":\"Fiches techniques - BoxLoader\",\"isPartOf\":{\"@id\":\"https:\/\/www.boxloader.com\/#website\"},\"primaryImageOfPage\":{\"@id\":\"https:\/\/www.boxloader.com\/data-sheets\/#primaryimage\"},\"image\":{\"@id\":\"https:\/\/www.boxloader.com\/data-sheets\/#primaryimage\"},\"thumbnailUrl\":\"https:\/\/www.boxloader.com\/wp-content\/uploads\/2019\/12\/Boxloader_presentation.jpg\",\"datePublished\":\"2019-12-10T15:28:22+00:00\",\"dateModified\":\"2020-06-20T05:49:12+00:00\",\"breadcrumb\":{\"@id\":\"https:\/\/www.boxloader.com\/data-sheets\/#breadcrumb\"},\"inLanguage\":\"fr-FR\",\"potentialAction\":[{\"@type\":\"ReadAction\",\"target\":[\"https:\/\/www.boxloader.com\/data-sheets\/\"]}]},{\"@type\":\"ImageObject\",\"inLanguage\":\"fr-FR\",\"@id\":\"https:\/\/www.boxloader.com\/data-sheets\/#primaryimage\",\"url\":\"https:\/\/www.boxloader.com\/wp-content\/uploads\/2019\/12\/Boxloader_presentation.jpg\",\"contentUrl\":\"https:\/\/www.boxloader.com\/wp-content\/uploads\/2019\/12\/Boxloader_presentation.jpg\",\"width\":1900,\"height\":450},{\"@type\":\"BreadcrumbList\",\"@id\":\"https:\/\/www.boxloader.com\/data-sheets\/#breadcrumb\",\"itemListElement\":[{\"@type\":\"ListItem\",\"position\":1,\"name\":\"Home\",\"item\":\"https:\/\/www.boxloader.com\/\"},{\"@type\":\"ListItem\",\"position\":2,\"name\":\"Fiches techniques\"}]},{\"@type\":\"WebSite\",\"@id\":\"https:\/\/www.boxloader.com\/#website\",\"url\":\"https:\/\/www.boxloader.com\/\",\"name\":\"BoxLoader\",\"description\":\"l\u00e8ve conteneur, sideloader et chargeur lat\u00e9ral pour ch\u00e2ssis et remorque\",\"publisher\":{\"@id\":\"https:\/\/www.boxloader.com\/#organization\"},\"potentialAction\":[{\"@type\":\"SearchAction\",\"target\":{\"@type\":\"EntryPoint\",\"urlTemplate\":\"https:\/\/www.boxloader.com\/?s={search_term_string}\"},\"query-input\":{\"@type\":\"PropertyValueSpecification\",\"valueRequired\":true,\"valueName\":\"search_term_string\"}}],\"inLanguage\":\"fr-FR\"},{\"@type\":\"Organization\",\"@id\":\"https:\/\/www.boxloader.com\/#organization\",\"name\":\"BoXLoader\",\"url\":\"https:\/\/www.boxloader.com\/\",\"logo\":{\"@type\":\"ImageObject\",\"inLanguage\":\"fr-FR\",\"@id\":\"https:\/\/www.boxloader.com\/#\/schema\/logo\/image\/\",\"url\":\"https:\/\/www.boxloader.com\/wp-content\/uploads\/2019\/12\/BOXLOADER_DE\u00a6u\u0308FONCE_COULEUR_RVB.jpg\",\"contentUrl\":\"https:\/\/www.boxloader.com\/wp-content\/uploads\/2019\/12\/BOXLOADER_DE\u00a6u\u0308FONCE_COULEUR_RVB.jpg\",\"width\":2560,\"height\":710,\"caption\":\"BoXLoader\"},\"image\":{\"@id\":\"https:\/\/www.boxloader.com\/#\/schema\/logo\/image\/\"}}]}<\/script>\n<!-- \/ Yoast SEO plugin. -->","yoast_head_json":{"title":"Fiches techniques - BoxLoader","robots":{"index":"index","follow":"follow","max-snippet":"max-snippet:-1","max-image-preview":"max-image-preview:large","max-video-preview":"max-video-preview:-1"},"canonical":"https:\/\/www.boxloader.com\/data-sheets\/","og_locale":"fr_FR","og_type":"article","og_title":"Fiches techniques - BoxLoader","og_description":"&nbsp; BOXLOADER Boxloader presentation_ENG Boxloader presentation_FR... Lire la suite","og_url":"https:\/\/www.boxloader.com\/data-sheets\/","og_site_name":"BoxLoader","article_modified_time":"2020-06-20T05:49:12+00:00","og_image":[{"width":1900,"height":450,"url":"https:\/\/www.boxloader.com\/wp-content\/uploads\/2019\/12\/Boxloader_presentation.jpg","type":"image\/jpeg"}],"twitter_card":"summary_large_image","schema":{"@context":"https:\/\/schema.org","@graph":[{"@type":"WebPage","@id":"https:\/\/www.boxloader.com\/data-sheets\/","url":"https:\/\/www.boxloader.com\/data-sheets\/","name":"Fiches techniques - BoxLoader","isPartOf":{"@id":"https:\/\/www.boxloader.com\/#website"},"primaryImageOfPage":{"@id":"https:\/\/www.boxloader.com\/data-sheets\/#primaryimage"},"image":{"@id":"https:\/\/www.boxloader.com\/data-sheets\/#primaryimage"},"thumbnailUrl":"https:\/\/www.boxloader.com\/wp-content\/uploads\/2019\/12\/Boxloader_presentation.jpg","datePublished":"2019-12-10T15:28:22+00:00","dateModified":"2020-06-20T05:49:12+00:00","breadcrumb":{"@id":"https:\/\/www.boxloader.com\/data-sheets\/#breadcrumb"},"inLanguage":"fr-FR","potentialAction":[{"@type":"ReadAction","target":["https:\/\/www.boxloader.com\/data-sheets\/"]}]},{"@type":"ImageObject","inLanguage":"fr-FR","@id":"https:\/\/www.boxloader.com\/data-sheets\/#primaryimage","url":"https:\/\/www.boxloader.com\/wp-content\/uploads\/2019\/12\/Boxloader_presentation.jpg","contentUrl":"https:\/\/www.boxloader.com\/wp-content\/uploads\/2019\/12\/Boxloader_presentation.jpg","width":1900,"height":450},{"@type":"BreadcrumbList","@id":"https:\/\/www.boxloader.com\/data-sheets\/#breadcrumb","itemListElement":[{"@type":"ListItem","position":1,"name":"Home","item":"https:\/\/www.boxloader.com\/"},{"@type":"ListItem","position":2,"name":"Fiches techniques"}]},{"@type":"WebSite","@id":"https:\/\/www.boxloader.com\/#website","url":"https:\/\/www.boxloader.com\/","name":"BoxLoader","description":"l\u00e8ve conteneur, sideloader et chargeur lat\u00e9ral pour ch\u00e2ssis et remorque","publisher":{"@id":"https:\/\/www.boxloader.com\/#organization"},"potentialAction":[{"@type":"SearchAction","target":{"@type":"EntryPoint","urlTemplate":"https:\/\/www.boxloader.com\/?s={search_term_string}"},"query-input":{"@type":"PropertyValueSpecification","valueRequired":true,"valueName":"search_term_string"}}],"inLanguage":"fr-FR"},{"@type":"Organization","@id":"https:\/\/www.boxloader.com\/#organization","name":"BoXLoader","url":"https:\/\/www.boxloader.com\/","logo":{"@type":"ImageObject","inLanguage":"fr-FR","@id":"https:\/\/www.boxloader.com\/#\/schema\/logo\/image\/","url":"https:\/\/www.boxloader.com\/wp-content\/uploads\/2019\/12\/BOXLOADER_DE\u00a6u\u0308FONCE_COULEUR_RVB.jpg","contentUrl":"https:\/\/www.boxloader.com\/wp-content\/uploads\/2019\/12\/BOXLOADER_DE\u00a6u\u0308FONCE_COULEUR_RVB.jpg","width":2560,"height":710,"caption":"BoXLoader"},"image":{"@id":"https:\/\/www.boxloader.com\/#\/schema\/logo\/image\/"}}]}},"_links":{"self":[{"href":"https:\/\/www.boxloader.com\/fr\/wp-json\/wp\/v2\/pages\/180","targetHints":{"allow":["GET"]}}],"collection":[{"href":"https:\/\/www.boxloader.com\/fr\/wp-json\/wp\/v2\/pages"}],"about":[{"href":"https:\/\/www.boxloader.com\/fr\/wp-json\/wp\/v2\/types\/page"}],"author":[{"embeddable":true,"href":"https:\/\/www.boxloader.com\/fr\/wp-json\/wp\/v2\/users\/1"}],"replies":[{"embeddable":true,"href":"https:\/\/www.boxloader.com\/fr\/wp-json\/wp\/v2\/comments?post=180"}],"version-history":[{"count":5,"href":"https:\/\/www.boxloader.com\/fr\/wp-json\/wp\/v2\/pages\/180\/revisions"}],"predecessor-version":[{"id":1711,"href":"https:\/\/www.boxloader.com\/fr\/wp-json\/wp\/v2\/pages\/180\/revisions\/1711"}],"wp:featuredmedia":[{"embeddable":true,"href":"https:\/\/www.boxloader.com\/fr\/wp-json\/wp\/v2\/media\/151"}],"wp:attachment":[{"href":"https:\/\/www.boxloader.com\/fr\/wp-json\/wp\/v2\/media?parent=180"}],"curies":[{"name":"wp","href":"https:\/\/api.w.org\/{rel}","templated":true}]}}