{"id":134,"date":"2019-12-10T15:31:13","date_gmt":"2019-12-10T14:31:13","guid":{"rendered":"http:\/\/rarsdsv.cluster028.hosting.ovh.net\/?page_id=134"},"modified":"2020-02-14T02:29:57","modified_gmt":"2020-02-14T01:29:57","slug":"formation-boxloader","status":"publish","type":"page","link":"https:\/\/www.boxloader.com\/fr\/formation-boxloader\/","title":{"rendered":"Formation Boxloader"},"content":{"rendered":"<p><span style=\"font-weight: 400;\">\u00c0 chaque livraison d\u2019une nouvelle machine Boxloader nos m\u00e9caniciens itin\u00e9rants effectuent une formation th\u00e9orique mais principalement pratique aux clients. Nous les guidons \u00e9tape par \u00e9tape avec une formation adapt\u00e9e \u00e0 leur nouveau produit et ses caract\u00e9ristiques techniques, car il est pour nous primordial que nos clients exploitent leur Boxloader au maximum dans leurs activit\u00e9s. Nous nous assurons que les utilisateurs soient parfaitement form\u00e9s pour que les op\u00e9rations puissent \u00eatre effectu\u00e9es aussi rapidement que possible tout en respectant les normes de s\u00e9curit\u00e9 les plus \u00e9lev\u00e9es.<\/span><\/p>\n","protected":false},"excerpt":{"rendered":"<p>\u00c0 chaque livraison d\u2019une nouvelle machine&#8230; <br \/><a class=\"readmore\" href=\"https:\/\/www.boxloader.com\/fr\/formation-boxloader\/\">Lire la suite<\/a><\/p>\n","protected":false},"author":1,"featured_media":1605,"parent":0,"menu_order":0,"comment_status":"closed","ping_status":"closed","template":"","meta":{"footnotes":""},"class_list":["post-134","page","type-page","status-publish","has-post-thumbnail","hentry"],"yoast_head":"<!-- This site is optimized with the Yoast SEO plugin v26.8 - https:\/\/yoast.com\/product\/yoast-seo-wordpress\/ -->\n<title>Formation Boxloader - BoxLoader<\/title>\n<meta name=\"robots\" content=\"index, follow, max-snippet:-1, max-image-preview:large, max-video-preview:-1\" \/>\n<link rel=\"canonical\" href=\"https:\/\/www.boxloader.com\/boxloaders-commissioning\/\" \/>\n<meta property=\"og:locale\" content=\"fr_FR\" \/>\n<meta property=\"og:type\" content=\"article\" \/>\n<meta property=\"og:title\" content=\"Formation Boxloader - BoxLoader\" \/>\n<meta property=\"og:description\" content=\"\u00c0 chaque livraison d\u2019une nouvelle machine... Lire la suite\" \/>\n<meta property=\"og:url\" content=\"https:\/\/www.boxloader.com\/boxloaders-commissioning\/\" \/>\n<meta property=\"og:site_name\" content=\"BoxLoader\" \/>\n<meta property=\"article:modified_time\" content=\"2020-02-14T01:29:57+00:00\" \/>\n<meta property=\"og:image\" content=\"https:\/\/www.boxloader.com\/wp-content\/uploads\/2020\/02\/lowres-1036-1-1024x683-1-e1581643587697.jpg\" \/>\n\t<meta property=\"og:image:width\" content=\"1024\" \/>\n\t<meta property=\"og:image:height\" content=\"399\" \/>\n\t<meta property=\"og:image:type\" content=\"image\/jpeg\" \/>\n<meta name=\"twitter:card\" content=\"summary_large_image\" \/>\n<script type=\"application\/ld+json\" class=\"yoast-schema-graph\">{\"@context\":\"https:\/\/schema.org\",\"@graph\":[{\"@type\":\"WebPage\",\"@id\":\"https:\/\/www.boxloader.com\/boxloaders-commissioning\/\",\"url\":\"https:\/\/www.boxloader.com\/boxloaders-commissioning\/\",\"name\":\"Formation Boxloader - BoxLoader\",\"isPartOf\":{\"@id\":\"https:\/\/www.boxloader.com\/#website\"},\"primaryImageOfPage\":{\"@id\":\"https:\/\/www.boxloader.com\/boxloaders-commissioning\/#primaryimage\"},\"image\":{\"@id\":\"https:\/\/www.boxloader.com\/boxloaders-commissioning\/#primaryimage\"},\"thumbnailUrl\":\"https:\/\/www.boxloader.com\/wp-content\/uploads\/2020\/02\/lowres-1036-1-1024x683-1-e1581643587697.jpg\",\"datePublished\":\"2019-12-10T14:31:13+00:00\",\"dateModified\":\"2020-02-14T01:29:57+00:00\",\"breadcrumb\":{\"@id\":\"https:\/\/www.boxloader.com\/boxloaders-commissioning\/#breadcrumb\"},\"inLanguage\":\"fr-FR\",\"potentialAction\":[{\"@type\":\"ReadAction\",\"target\":[\"https:\/\/www.boxloader.com\/boxloaders-commissioning\/\"]}]},{\"@type\":\"ImageObject\",\"inLanguage\":\"fr-FR\",\"@id\":\"https:\/\/www.boxloader.com\/boxloaders-commissioning\/#primaryimage\",\"url\":\"https:\/\/www.boxloader.com\/wp-content\/uploads\/2020\/02\/lowres-1036-1-1024x683-1-e1581643587697.jpg\",\"contentUrl\":\"https:\/\/www.boxloader.com\/wp-content\/uploads\/2020\/02\/lowres-1036-1-1024x683-1-e1581643587697.jpg\",\"width\":1024,\"height\":399},{\"@type\":\"BreadcrumbList\",\"@id\":\"https:\/\/www.boxloader.com\/boxloaders-commissioning\/#breadcrumb\",\"itemListElement\":[{\"@type\":\"ListItem\",\"position\":1,\"name\":\"Home\",\"item\":\"https:\/\/www.boxloader.com\/\"},{\"@type\":\"ListItem\",\"position\":2,\"name\":\"Formation Boxloader\"}]},{\"@type\":\"WebSite\",\"@id\":\"https:\/\/www.boxloader.com\/#website\",\"url\":\"https:\/\/www.boxloader.com\/\",\"name\":\"BoxLoader\",\"description\":\"l\u00e8ve conteneur, sideloader et chargeur lat\u00e9ral pour ch\u00e2ssis et remorque\",\"publisher\":{\"@id\":\"https:\/\/www.boxloader.com\/#organization\"},\"potentialAction\":[{\"@type\":\"SearchAction\",\"target\":{\"@type\":\"EntryPoint\",\"urlTemplate\":\"https:\/\/www.boxloader.com\/?s={search_term_string}\"},\"query-input\":{\"@type\":\"PropertyValueSpecification\",\"valueRequired\":true,\"valueName\":\"search_term_string\"}}],\"inLanguage\":\"fr-FR\"},{\"@type\":\"Organization\",\"@id\":\"https:\/\/www.boxloader.com\/#organization\",\"name\":\"BoXLoader\",\"url\":\"https:\/\/www.boxloader.com\/\",\"logo\":{\"@type\":\"ImageObject\",\"inLanguage\":\"fr-FR\",\"@id\":\"https:\/\/www.boxloader.com\/#\/schema\/logo\/image\/\",\"url\":\"https:\/\/www.boxloader.com\/wp-content\/uploads\/2019\/12\/BOXLOADER_DE\u00a6u\u0308FONCE_COULEUR_RVB.jpg\",\"contentUrl\":\"https:\/\/www.boxloader.com\/wp-content\/uploads\/2019\/12\/BOXLOADER_DE\u00a6u\u0308FONCE_COULEUR_RVB.jpg\",\"width\":2560,\"height\":710,\"caption\":\"BoXLoader\"},\"image\":{\"@id\":\"https:\/\/www.boxloader.com\/#\/schema\/logo\/image\/\"}}]}<\/script>\n<!-- \/ Yoast SEO plugin. -->","yoast_head_json":{"title":"Formation Boxloader - BoxLoader","robots":{"index":"index","follow":"follow","max-snippet":"max-snippet:-1","max-image-preview":"max-image-preview:large","max-video-preview":"max-video-preview:-1"},"canonical":"https:\/\/www.boxloader.com\/boxloaders-commissioning\/","og_locale":"fr_FR","og_type":"article","og_title":"Formation Boxloader - BoxLoader","og_description":"\u00c0 chaque livraison d\u2019une nouvelle machine... Lire la suite","og_url":"https:\/\/www.boxloader.com\/boxloaders-commissioning\/","og_site_name":"BoxLoader","article_modified_time":"2020-02-14T01:29:57+00:00","og_image":[{"width":1024,"height":399,"url":"https:\/\/www.boxloader.com\/wp-content\/uploads\/2020\/02\/lowres-1036-1-1024x683-1-e1581643587697.jpg","type":"image\/jpeg"}],"twitter_card":"summary_large_image","schema":{"@context":"https:\/\/schema.org","@graph":[{"@type":"WebPage","@id":"https:\/\/www.boxloader.com\/boxloaders-commissioning\/","url":"https:\/\/www.boxloader.com\/boxloaders-commissioning\/","name":"Formation Boxloader - BoxLoader","isPartOf":{"@id":"https:\/\/www.boxloader.com\/#website"},"primaryImageOfPage":{"@id":"https:\/\/www.boxloader.com\/boxloaders-commissioning\/#primaryimage"},"image":{"@id":"https:\/\/www.boxloader.com\/boxloaders-commissioning\/#primaryimage"},"thumbnailUrl":"https:\/\/www.boxloader.com\/wp-content\/uploads\/2020\/02\/lowres-1036-1-1024x683-1-e1581643587697.jpg","datePublished":"2019-12-10T14:31:13+00:00","dateModified":"2020-02-14T01:29:57+00:00","breadcrumb":{"@id":"https:\/\/www.boxloader.com\/boxloaders-commissioning\/#breadcrumb"},"inLanguage":"fr-FR","potentialAction":[{"@type":"ReadAction","target":["https:\/\/www.boxloader.com\/boxloaders-commissioning\/"]}]},{"@type":"ImageObject","inLanguage":"fr-FR","@id":"https:\/\/www.boxloader.com\/boxloaders-commissioning\/#primaryimage","url":"https:\/\/www.boxloader.com\/wp-content\/uploads\/2020\/02\/lowres-1036-1-1024x683-1-e1581643587697.jpg","contentUrl":"https:\/\/www.boxloader.com\/wp-content\/uploads\/2020\/02\/lowres-1036-1-1024x683-1-e1581643587697.jpg","width":1024,"height":399},{"@type":"BreadcrumbList","@id":"https:\/\/www.boxloader.com\/boxloaders-commissioning\/#breadcrumb","itemListElement":[{"@type":"ListItem","position":1,"name":"Home","item":"https:\/\/www.boxloader.com\/"},{"@type":"ListItem","position":2,"name":"Formation Boxloader"}]},{"@type":"WebSite","@id":"https:\/\/www.boxloader.com\/#website","url":"https:\/\/www.boxloader.com\/","name":"BoxLoader","description":"l\u00e8ve conteneur, sideloader et chargeur lat\u00e9ral pour ch\u00e2ssis et remorque","publisher":{"@id":"https:\/\/www.boxloader.com\/#organization"},"potentialAction":[{"@type":"SearchAction","target":{"@type":"EntryPoint","urlTemplate":"https:\/\/www.boxloader.com\/?s={search_term_string}"},"query-input":{"@type":"PropertyValueSpecification","valueRequired":true,"valueName":"search_term_string"}}],"inLanguage":"fr-FR"},{"@type":"Organization","@id":"https:\/\/www.boxloader.com\/#organization","name":"BoXLoader","url":"https:\/\/www.boxloader.com\/","logo":{"@type":"ImageObject","inLanguage":"fr-FR","@id":"https:\/\/www.boxloader.com\/#\/schema\/logo\/image\/","url":"https:\/\/www.boxloader.com\/wp-content\/uploads\/2019\/12\/BOXLOADER_DE\u00a6u\u0308FONCE_COULEUR_RVB.jpg","contentUrl":"https:\/\/www.boxloader.com\/wp-content\/uploads\/2019\/12\/BOXLOADER_DE\u00a6u\u0308FONCE_COULEUR_RVB.jpg","width":2560,"height":710,"caption":"BoXLoader"},"image":{"@id":"https:\/\/www.boxloader.com\/#\/schema\/logo\/image\/"}}]}},"_links":{"self":[{"href":"https:\/\/www.boxloader.com\/fr\/wp-json\/wp\/v2\/pages\/134","targetHints":{"allow":["GET"]}}],"collection":[{"href":"https:\/\/www.boxloader.com\/fr\/wp-json\/wp\/v2\/pages"}],"about":[{"href":"https:\/\/www.boxloader.com\/fr\/wp-json\/wp\/v2\/types\/page"}],"author":[{"embeddable":true,"href":"https:\/\/www.boxloader.com\/fr\/wp-json\/wp\/v2\/users\/1"}],"replies":[{"embeddable":true,"href":"https:\/\/www.boxloader.com\/fr\/wp-json\/wp\/v2\/comments?post=134"}],"version-history":[{"count":5,"href":"https:\/\/www.boxloader.com\/fr\/wp-json\/wp\/v2\/pages\/134\/revisions"}],"predecessor-version":[{"id":951,"href":"https:\/\/www.boxloader.com\/fr\/wp-json\/wp\/v2\/pages\/134\/revisions\/951"}],"wp:featuredmedia":[{"embeddable":true,"href":"https:\/\/www.boxloader.com\/fr\/wp-json\/wp\/v2\/media\/1605"}],"wp:attachment":[{"href":"https:\/\/www.boxloader.com\/fr\/wp-json\/wp\/v2\/media?parent=134"}],"curies":[{"name":"wp","href":"https:\/\/api.w.org\/{rel}","templated":true}]}}