{"id":132,"date":"2019-12-10T15:30:57","date_gmt":"2019-12-10T14:30:57","guid":{"rendered":"http:\/\/rarsdsv.cluster028.hosting.ovh.net\/?page_id=132"},"modified":"2020-02-14T02:27:10","modified_gmt":"2020-02-14T01:27:10","slug":"maintenance-boxloader","status":"publish","type":"page","link":"https:\/\/www.boxloader.com\/fr\/maintenance-boxloader\/","title":{"rendered":"Maintenance Boxloader"},"content":{"rendered":"<p>&nbsp;<\/p>\n<p><span style=\"font-weight: 400;\">Notre \u00e9quipe de m\u00e9caniciens itin\u00e9rants intervient tout d\u2019abord en pr\u00e9vention et en formation. Elle peut aussi vous apporter un soutien technique et pratique si l\u2019aide de notre Hotline n\u2019est pas suffisante.<\/span><\/p>\n<p><span style=\"font-weight: 400;\">Une bonne maintenance est la cl\u00e9 de voute de la durabilit\u00e9 de votre Boxloader\u00ae. C\u2019est pourquoi toutes les machines sont livr\u00e9es avec un manuel d\u2019entretien et un kit de pi\u00e8ces d\u00e9tach\u00e9es de premi\u00e8re urgence. Un plan sp\u00e9cifique de maintenance peut ensuite \u00eatre \u00e9tabli avec vos \u00e9quipes. Nous sommes \u00e9galement en mesure d\u2019\u00e9tablir des contrats d\u2019entretien, vous permettant de vous d\u00e9charger sur nous et de vous concentrer uniquement sur votre exploitation et vos clients.<\/span><\/p>\n<p>&nbsp;<\/p>\n","protected":false},"excerpt":{"rendered":"<p>&nbsp; Notre \u00e9quipe de m\u00e9caniciens itin\u00e9rants&#8230; <br \/><a class=\"readmore\" href=\"https:\/\/www.boxloader.com\/fr\/maintenance-boxloader\/\">Lire la suite<\/a><\/p>\n","protected":false},"author":1,"featured_media":1605,"parent":0,"menu_order":0,"comment_status":"closed","ping_status":"closed","template":"","meta":{"footnotes":""},"class_list":["post-132","page","type-page","status-publish","has-post-thumbnail","hentry"],"yoast_head":"<!-- This site is optimized with the Yoast SEO plugin v26.8 - https:\/\/yoast.com\/product\/yoast-seo-wordpress\/ -->\n<title>Maintenance Boxloader - BoxLoader<\/title>\n<meta name=\"robots\" content=\"index, follow, max-snippet:-1, max-image-preview:large, max-video-preview:-1\" \/>\n<link rel=\"canonical\" href=\"https:\/\/www.boxloader.com\/boxloaders-maintenance\/\" \/>\n<meta property=\"og:locale\" content=\"fr_FR\" \/>\n<meta property=\"og:type\" content=\"article\" \/>\n<meta property=\"og:title\" content=\"Maintenance Boxloader - BoxLoader\" \/>\n<meta property=\"og:description\" content=\"&nbsp; Notre \u00e9quipe de m\u00e9caniciens itin\u00e9rants... Lire la suite\" \/>\n<meta property=\"og:url\" content=\"https:\/\/www.boxloader.com\/boxloaders-maintenance\/\" \/>\n<meta property=\"og:site_name\" content=\"BoxLoader\" \/>\n<meta property=\"article:modified_time\" content=\"2020-02-14T01:27:10+00:00\" \/>\n<meta property=\"og:image\" content=\"https:\/\/www.boxloader.com\/wp-content\/uploads\/2020\/02\/lowres-1036-1-1024x683-1-e1581643587697.jpg\" \/>\n\t<meta property=\"og:image:width\" content=\"1024\" \/>\n\t<meta property=\"og:image:height\" content=\"399\" \/>\n\t<meta property=\"og:image:type\" content=\"image\/jpeg\" \/>\n<meta name=\"twitter:card\" content=\"summary_large_image\" \/>\n<meta name=\"twitter:label1\" content=\"Dur\u00e9e de lecture estim\u00e9e\" \/>\n\t<meta name=\"twitter:data1\" content=\"1 minute\" \/>\n<script type=\"application\/ld+json\" class=\"yoast-schema-graph\">{\"@context\":\"https:\/\/schema.org\",\"@graph\":[{\"@type\":\"WebPage\",\"@id\":\"https:\/\/www.boxloader.com\/boxloaders-maintenance\/\",\"url\":\"https:\/\/www.boxloader.com\/boxloaders-maintenance\/\",\"name\":\"Maintenance Boxloader - BoxLoader\",\"isPartOf\":{\"@id\":\"https:\/\/www.boxloader.com\/#website\"},\"primaryImageOfPage\":{\"@id\":\"https:\/\/www.boxloader.com\/boxloaders-maintenance\/#primaryimage\"},\"image\":{\"@id\":\"https:\/\/www.boxloader.com\/boxloaders-maintenance\/#primaryimage\"},\"thumbnailUrl\":\"https:\/\/www.boxloader.com\/wp-content\/uploads\/2020\/02\/lowres-1036-1-1024x683-1-e1581643587697.jpg\",\"datePublished\":\"2019-12-10T14:30:57+00:00\",\"dateModified\":\"2020-02-14T01:27:10+00:00\",\"breadcrumb\":{\"@id\":\"https:\/\/www.boxloader.com\/boxloaders-maintenance\/#breadcrumb\"},\"inLanguage\":\"fr-FR\",\"potentialAction\":[{\"@type\":\"ReadAction\",\"target\":[\"https:\/\/www.boxloader.com\/boxloaders-maintenance\/\"]}]},{\"@type\":\"ImageObject\",\"inLanguage\":\"fr-FR\",\"@id\":\"https:\/\/www.boxloader.com\/boxloaders-maintenance\/#primaryimage\",\"url\":\"https:\/\/www.boxloader.com\/wp-content\/uploads\/2020\/02\/lowres-1036-1-1024x683-1-e1581643587697.jpg\",\"contentUrl\":\"https:\/\/www.boxloader.com\/wp-content\/uploads\/2020\/02\/lowres-1036-1-1024x683-1-e1581643587697.jpg\",\"width\":1024,\"height\":399},{\"@type\":\"BreadcrumbList\",\"@id\":\"https:\/\/www.boxloader.com\/boxloaders-maintenance\/#breadcrumb\",\"itemListElement\":[{\"@type\":\"ListItem\",\"position\":1,\"name\":\"Home\",\"item\":\"https:\/\/www.boxloader.com\/\"},{\"@type\":\"ListItem\",\"position\":2,\"name\":\"Maintenance Boxloader\"}]},{\"@type\":\"WebSite\",\"@id\":\"https:\/\/www.boxloader.com\/#website\",\"url\":\"https:\/\/www.boxloader.com\/\",\"name\":\"BoxLoader\",\"description\":\"l\u00e8ve conteneur, sideloader et chargeur lat\u00e9ral pour ch\u00e2ssis et remorque\",\"publisher\":{\"@id\":\"https:\/\/www.boxloader.com\/#organization\"},\"potentialAction\":[{\"@type\":\"SearchAction\",\"target\":{\"@type\":\"EntryPoint\",\"urlTemplate\":\"https:\/\/www.boxloader.com\/?s={search_term_string}\"},\"query-input\":{\"@type\":\"PropertyValueSpecification\",\"valueRequired\":true,\"valueName\":\"search_term_string\"}}],\"inLanguage\":\"fr-FR\"},{\"@type\":\"Organization\",\"@id\":\"https:\/\/www.boxloader.com\/#organization\",\"name\":\"BoXLoader\",\"url\":\"https:\/\/www.boxloader.com\/\",\"logo\":{\"@type\":\"ImageObject\",\"inLanguage\":\"fr-FR\",\"@id\":\"https:\/\/www.boxloader.com\/#\/schema\/logo\/image\/\",\"url\":\"https:\/\/www.boxloader.com\/wp-content\/uploads\/2019\/12\/BOXLOADER_DE\u00a6u\u0308FONCE_COULEUR_RVB.jpg\",\"contentUrl\":\"https:\/\/www.boxloader.com\/wp-content\/uploads\/2019\/12\/BOXLOADER_DE\u00a6u\u0308FONCE_COULEUR_RVB.jpg\",\"width\":2560,\"height\":710,\"caption\":\"BoXLoader\"},\"image\":{\"@id\":\"https:\/\/www.boxloader.com\/#\/schema\/logo\/image\/\"}}]}<\/script>\n<!-- \/ Yoast SEO plugin. -->","yoast_head_json":{"title":"Maintenance Boxloader - BoxLoader","robots":{"index":"index","follow":"follow","max-snippet":"max-snippet:-1","max-image-preview":"max-image-preview:large","max-video-preview":"max-video-preview:-1"},"canonical":"https:\/\/www.boxloader.com\/boxloaders-maintenance\/","og_locale":"fr_FR","og_type":"article","og_title":"Maintenance Boxloader - BoxLoader","og_description":"&nbsp; Notre \u00e9quipe de m\u00e9caniciens itin\u00e9rants... Lire la suite","og_url":"https:\/\/www.boxloader.com\/boxloaders-maintenance\/","og_site_name":"BoxLoader","article_modified_time":"2020-02-14T01:27:10+00:00","og_image":[{"width":1024,"height":399,"url":"https:\/\/www.boxloader.com\/wp-content\/uploads\/2020\/02\/lowres-1036-1-1024x683-1-e1581643587697.jpg","type":"image\/jpeg"}],"twitter_card":"summary_large_image","twitter_misc":{"Dur\u00e9e de lecture estim\u00e9e":"1 minute"},"schema":{"@context":"https:\/\/schema.org","@graph":[{"@type":"WebPage","@id":"https:\/\/www.boxloader.com\/boxloaders-maintenance\/","url":"https:\/\/www.boxloader.com\/boxloaders-maintenance\/","name":"Maintenance Boxloader - BoxLoader","isPartOf":{"@id":"https:\/\/www.boxloader.com\/#website"},"primaryImageOfPage":{"@id":"https:\/\/www.boxloader.com\/boxloaders-maintenance\/#primaryimage"},"image":{"@id":"https:\/\/www.boxloader.com\/boxloaders-maintenance\/#primaryimage"},"thumbnailUrl":"https:\/\/www.boxloader.com\/wp-content\/uploads\/2020\/02\/lowres-1036-1-1024x683-1-e1581643587697.jpg","datePublished":"2019-12-10T14:30:57+00:00","dateModified":"2020-02-14T01:27:10+00:00","breadcrumb":{"@id":"https:\/\/www.boxloader.com\/boxloaders-maintenance\/#breadcrumb"},"inLanguage":"fr-FR","potentialAction":[{"@type":"ReadAction","target":["https:\/\/www.boxloader.com\/boxloaders-maintenance\/"]}]},{"@type":"ImageObject","inLanguage":"fr-FR","@id":"https:\/\/www.boxloader.com\/boxloaders-maintenance\/#primaryimage","url":"https:\/\/www.boxloader.com\/wp-content\/uploads\/2020\/02\/lowres-1036-1-1024x683-1-e1581643587697.jpg","contentUrl":"https:\/\/www.boxloader.com\/wp-content\/uploads\/2020\/02\/lowres-1036-1-1024x683-1-e1581643587697.jpg","width":1024,"height":399},{"@type":"BreadcrumbList","@id":"https:\/\/www.boxloader.com\/boxloaders-maintenance\/#breadcrumb","itemListElement":[{"@type":"ListItem","position":1,"name":"Home","item":"https:\/\/www.boxloader.com\/"},{"@type":"ListItem","position":2,"name":"Maintenance Boxloader"}]},{"@type":"WebSite","@id":"https:\/\/www.boxloader.com\/#website","url":"https:\/\/www.boxloader.com\/","name":"BoxLoader","description":"l\u00e8ve conteneur, sideloader et chargeur lat\u00e9ral pour ch\u00e2ssis et remorque","publisher":{"@id":"https:\/\/www.boxloader.com\/#organization"},"potentialAction":[{"@type":"SearchAction","target":{"@type":"EntryPoint","urlTemplate":"https:\/\/www.boxloader.com\/?s={search_term_string}"},"query-input":{"@type":"PropertyValueSpecification","valueRequired":true,"valueName":"search_term_string"}}],"inLanguage":"fr-FR"},{"@type":"Organization","@id":"https:\/\/www.boxloader.com\/#organization","name":"BoXLoader","url":"https:\/\/www.boxloader.com\/","logo":{"@type":"ImageObject","inLanguage":"fr-FR","@id":"https:\/\/www.boxloader.com\/#\/schema\/logo\/image\/","url":"https:\/\/www.boxloader.com\/wp-content\/uploads\/2019\/12\/BOXLOADER_DE\u00a6u\u0308FONCE_COULEUR_RVB.jpg","contentUrl":"https:\/\/www.boxloader.com\/wp-content\/uploads\/2019\/12\/BOXLOADER_DE\u00a6u\u0308FONCE_COULEUR_RVB.jpg","width":2560,"height":710,"caption":"BoXLoader"},"image":{"@id":"https:\/\/www.boxloader.com\/#\/schema\/logo\/image\/"}}]}},"_links":{"self":[{"href":"https:\/\/www.boxloader.com\/fr\/wp-json\/wp\/v2\/pages\/132","targetHints":{"allow":["GET"]}}],"collection":[{"href":"https:\/\/www.boxloader.com\/fr\/wp-json\/wp\/v2\/pages"}],"about":[{"href":"https:\/\/www.boxloader.com\/fr\/wp-json\/wp\/v2\/types\/page"}],"author":[{"embeddable":true,"href":"https:\/\/www.boxloader.com\/fr\/wp-json\/wp\/v2\/users\/1"}],"replies":[{"embeddable":true,"href":"https:\/\/www.boxloader.com\/fr\/wp-json\/wp\/v2\/comments?post=132"}],"version-history":[{"count":5,"href":"https:\/\/www.boxloader.com\/fr\/wp-json\/wp\/v2\/pages\/132\/revisions"}],"predecessor-version":[{"id":1308,"href":"https:\/\/www.boxloader.com\/fr\/wp-json\/wp\/v2\/pages\/132\/revisions\/1308"}],"wp:featuredmedia":[{"embeddable":true,"href":"https:\/\/www.boxloader.com\/fr\/wp-json\/wp\/v2\/media\/1605"}],"wp:attachment":[{"href":"https:\/\/www.boxloader.com\/fr\/wp-json\/wp\/v2\/media?parent=132"}],"curies":[{"name":"wp","href":"https:\/\/api.w.org\/{rel}","templated":true}]}}