{"id":130,"date":"2019-12-10T15:30:41","date_gmt":"2019-12-10T14:30:41","guid":{"rendered":"http:\/\/rarsdsv.cluster028.hosting.ovh.net\/?page_id=130"},"modified":"2020-02-14T02:26:35","modified_gmt":"2020-02-14T01:26:35","slug":"service-apres-vente","status":"publish","type":"page","link":"https:\/\/www.boxloader.com\/fr\/service-apres-vente\/","title":{"rendered":"Service apr\u00e8s-vente"},"content":{"rendered":"<h2><\/h2>\n<h2><span style=\"font-weight: 400;\">Notre service clients continue m\u00eame au del\u00e0 de la livraison de votre produit<\/span><\/h2>\n<p><span style=\"font-weight: 400;\">O\u00f9 que vous soyez, nous nous effor\u00e7ons de fournir un service apr\u00e8s-vente 24h\/24, 7j\/7. Gr\u00e2ce \u00e0 nos techniciens et commerciaux polyglottes dispers\u00e9s aux quatre coins du monde, vous avez n\u00e9cessairement quelqu\u2019un de comp\u00e9tent et disponible \u00e0 joindre si besoin. Nous nous assurons qu\u2019en plus d\u2019obtenir un produit Boxloader de grande qualit\u00e9, vous obtenez \u00e9galement un service de grande qualit\u00e9. Nous nous effor\u00e7ons de r\u00e9pondre \u00e0 toutes les pr\u00e9occupations de nos clients avec professionnalisme et rigueur.<\/span><\/p>\n<p>&nbsp;<\/p>\n","protected":false},"excerpt":{"rendered":"<p>Notre service clients continue m\u00eame au&#8230; <br \/><a class=\"readmore\" href=\"https:\/\/www.boxloader.com\/fr\/service-apres-vente\/\">Lire la suite<\/a><\/p>\n","protected":false},"author":1,"featured_media":1605,"parent":0,"menu_order":0,"comment_status":"closed","ping_status":"closed","template":"","meta":{"footnotes":""},"class_list":["post-130","page","type-page","status-publish","has-post-thumbnail","hentry"],"yoast_head":"<!-- This site is optimized with the Yoast SEO plugin v26.8 - https:\/\/yoast.com\/product\/yoast-seo-wordpress\/ -->\n<title>Service apr\u00e8s-vente - BoxLoader<\/title>\n<meta name=\"robots\" content=\"index, follow, max-snippet:-1, max-image-preview:large, max-video-preview:-1\" \/>\n<link rel=\"canonical\" href=\"https:\/\/www.boxloader.com\/after-sales-service\/\" \/>\n<meta property=\"og:locale\" content=\"fr_FR\" \/>\n<meta property=\"og:type\" content=\"article\" \/>\n<meta property=\"og:title\" content=\"Service apr\u00e8s-vente - BoxLoader\" \/>\n<meta property=\"og:description\" content=\"Notre service clients continue m\u00eame au... Lire la suite\" \/>\n<meta property=\"og:url\" content=\"https:\/\/www.boxloader.com\/after-sales-service\/\" \/>\n<meta property=\"og:site_name\" content=\"BoxLoader\" \/>\n<meta property=\"article:modified_time\" content=\"2020-02-14T01:26:35+00:00\" \/>\n<meta property=\"og:image\" content=\"https:\/\/www.boxloader.com\/wp-content\/uploads\/2020\/02\/lowres-1036-1-1024x683-1-e1581643587697.jpg\" \/>\n\t<meta property=\"og:image:width\" content=\"1024\" \/>\n\t<meta property=\"og:image:height\" content=\"399\" \/>\n\t<meta property=\"og:image:type\" content=\"image\/jpeg\" \/>\n<meta name=\"twitter:card\" content=\"summary_large_image\" \/>\n<script type=\"application\/ld+json\" class=\"yoast-schema-graph\">{\"@context\":\"https:\/\/schema.org\",\"@graph\":[{\"@type\":\"WebPage\",\"@id\":\"https:\/\/www.boxloader.com\/after-sales-service\/\",\"url\":\"https:\/\/www.boxloader.com\/after-sales-service\/\",\"name\":\"Service apr\u00e8s-vente - BoxLoader\",\"isPartOf\":{\"@id\":\"https:\/\/www.boxloader.com\/#website\"},\"primaryImageOfPage\":{\"@id\":\"https:\/\/www.boxloader.com\/after-sales-service\/#primaryimage\"},\"image\":{\"@id\":\"https:\/\/www.boxloader.com\/after-sales-service\/#primaryimage\"},\"thumbnailUrl\":\"https:\/\/www.boxloader.com\/wp-content\/uploads\/2020\/02\/lowres-1036-1-1024x683-1-e1581643587697.jpg\",\"datePublished\":\"2019-12-10T14:30:41+00:00\",\"dateModified\":\"2020-02-14T01:26:35+00:00\",\"breadcrumb\":{\"@id\":\"https:\/\/www.boxloader.com\/after-sales-service\/#breadcrumb\"},\"inLanguage\":\"fr-FR\",\"potentialAction\":[{\"@type\":\"ReadAction\",\"target\":[\"https:\/\/www.boxloader.com\/after-sales-service\/\"]}]},{\"@type\":\"ImageObject\",\"inLanguage\":\"fr-FR\",\"@id\":\"https:\/\/www.boxloader.com\/after-sales-service\/#primaryimage\",\"url\":\"https:\/\/www.boxloader.com\/wp-content\/uploads\/2020\/02\/lowres-1036-1-1024x683-1-e1581643587697.jpg\",\"contentUrl\":\"https:\/\/www.boxloader.com\/wp-content\/uploads\/2020\/02\/lowres-1036-1-1024x683-1-e1581643587697.jpg\",\"width\":1024,\"height\":399},{\"@type\":\"BreadcrumbList\",\"@id\":\"https:\/\/www.boxloader.com\/after-sales-service\/#breadcrumb\",\"itemListElement\":[{\"@type\":\"ListItem\",\"position\":1,\"name\":\"Home\",\"item\":\"https:\/\/www.boxloader.com\/\"},{\"@type\":\"ListItem\",\"position\":2,\"name\":\"Service apr\u00e8s-vente\"}]},{\"@type\":\"WebSite\",\"@id\":\"https:\/\/www.boxloader.com\/#website\",\"url\":\"https:\/\/www.boxloader.com\/\",\"name\":\"BoxLoader\",\"description\":\"l\u00e8ve conteneur, sideloader et chargeur lat\u00e9ral pour ch\u00e2ssis et remorque\",\"publisher\":{\"@id\":\"https:\/\/www.boxloader.com\/#organization\"},\"potentialAction\":[{\"@type\":\"SearchAction\",\"target\":{\"@type\":\"EntryPoint\",\"urlTemplate\":\"https:\/\/www.boxloader.com\/?s={search_term_string}\"},\"query-input\":{\"@type\":\"PropertyValueSpecification\",\"valueRequired\":true,\"valueName\":\"search_term_string\"}}],\"inLanguage\":\"fr-FR\"},{\"@type\":\"Organization\",\"@id\":\"https:\/\/www.boxloader.com\/#organization\",\"name\":\"BoXLoader\",\"url\":\"https:\/\/www.boxloader.com\/\",\"logo\":{\"@type\":\"ImageObject\",\"inLanguage\":\"fr-FR\",\"@id\":\"https:\/\/www.boxloader.com\/#\/schema\/logo\/image\/\",\"url\":\"https:\/\/www.boxloader.com\/wp-content\/uploads\/2019\/12\/BOXLOADER_DE\u00a6u\u0308FONCE_COULEUR_RVB.jpg\",\"contentUrl\":\"https:\/\/www.boxloader.com\/wp-content\/uploads\/2019\/12\/BOXLOADER_DE\u00a6u\u0308FONCE_COULEUR_RVB.jpg\",\"width\":2560,\"height\":710,\"caption\":\"BoXLoader\"},\"image\":{\"@id\":\"https:\/\/www.boxloader.com\/#\/schema\/logo\/image\/\"}}]}<\/script>\n<!-- \/ Yoast SEO plugin. -->","yoast_head_json":{"title":"Service apr\u00e8s-vente - BoxLoader","robots":{"index":"index","follow":"follow","max-snippet":"max-snippet:-1","max-image-preview":"max-image-preview:large","max-video-preview":"max-video-preview:-1"},"canonical":"https:\/\/www.boxloader.com\/after-sales-service\/","og_locale":"fr_FR","og_type":"article","og_title":"Service apr\u00e8s-vente - BoxLoader","og_description":"Notre service clients continue m\u00eame au... Lire la suite","og_url":"https:\/\/www.boxloader.com\/after-sales-service\/","og_site_name":"BoxLoader","article_modified_time":"2020-02-14T01:26:35+00:00","og_image":[{"width":1024,"height":399,"url":"https:\/\/www.boxloader.com\/wp-content\/uploads\/2020\/02\/lowres-1036-1-1024x683-1-e1581643587697.jpg","type":"image\/jpeg"}],"twitter_card":"summary_large_image","schema":{"@context":"https:\/\/schema.org","@graph":[{"@type":"WebPage","@id":"https:\/\/www.boxloader.com\/after-sales-service\/","url":"https:\/\/www.boxloader.com\/after-sales-service\/","name":"Service apr\u00e8s-vente - BoxLoader","isPartOf":{"@id":"https:\/\/www.boxloader.com\/#website"},"primaryImageOfPage":{"@id":"https:\/\/www.boxloader.com\/after-sales-service\/#primaryimage"},"image":{"@id":"https:\/\/www.boxloader.com\/after-sales-service\/#primaryimage"},"thumbnailUrl":"https:\/\/www.boxloader.com\/wp-content\/uploads\/2020\/02\/lowres-1036-1-1024x683-1-e1581643587697.jpg","datePublished":"2019-12-10T14:30:41+00:00","dateModified":"2020-02-14T01:26:35+00:00","breadcrumb":{"@id":"https:\/\/www.boxloader.com\/after-sales-service\/#breadcrumb"},"inLanguage":"fr-FR","potentialAction":[{"@type":"ReadAction","target":["https:\/\/www.boxloader.com\/after-sales-service\/"]}]},{"@type":"ImageObject","inLanguage":"fr-FR","@id":"https:\/\/www.boxloader.com\/after-sales-service\/#primaryimage","url":"https:\/\/www.boxloader.com\/wp-content\/uploads\/2020\/02\/lowres-1036-1-1024x683-1-e1581643587697.jpg","contentUrl":"https:\/\/www.boxloader.com\/wp-content\/uploads\/2020\/02\/lowres-1036-1-1024x683-1-e1581643587697.jpg","width":1024,"height":399},{"@type":"BreadcrumbList","@id":"https:\/\/www.boxloader.com\/after-sales-service\/#breadcrumb","itemListElement":[{"@type":"ListItem","position":1,"name":"Home","item":"https:\/\/www.boxloader.com\/"},{"@type":"ListItem","position":2,"name":"Service apr\u00e8s-vente"}]},{"@type":"WebSite","@id":"https:\/\/www.boxloader.com\/#website","url":"https:\/\/www.boxloader.com\/","name":"BoxLoader","description":"l\u00e8ve conteneur, sideloader et chargeur lat\u00e9ral pour ch\u00e2ssis et remorque","publisher":{"@id":"https:\/\/www.boxloader.com\/#organization"},"potentialAction":[{"@type":"SearchAction","target":{"@type":"EntryPoint","urlTemplate":"https:\/\/www.boxloader.com\/?s={search_term_string}"},"query-input":{"@type":"PropertyValueSpecification","valueRequired":true,"valueName":"search_term_string"}}],"inLanguage":"fr-FR"},{"@type":"Organization","@id":"https:\/\/www.boxloader.com\/#organization","name":"BoXLoader","url":"https:\/\/www.boxloader.com\/","logo":{"@type":"ImageObject","inLanguage":"fr-FR","@id":"https:\/\/www.boxloader.com\/#\/schema\/logo\/image\/","url":"https:\/\/www.boxloader.com\/wp-content\/uploads\/2019\/12\/BOXLOADER_DE\u00a6u\u0308FONCE_COULEUR_RVB.jpg","contentUrl":"https:\/\/www.boxloader.com\/wp-content\/uploads\/2019\/12\/BOXLOADER_DE\u00a6u\u0308FONCE_COULEUR_RVB.jpg","width":2560,"height":710,"caption":"BoXLoader"},"image":{"@id":"https:\/\/www.boxloader.com\/#\/schema\/logo\/image\/"}}]}},"_links":{"self":[{"href":"https:\/\/www.boxloader.com\/fr\/wp-json\/wp\/v2\/pages\/130","targetHints":{"allow":["GET"]}}],"collection":[{"href":"https:\/\/www.boxloader.com\/fr\/wp-json\/wp\/v2\/pages"}],"about":[{"href":"https:\/\/www.boxloader.com\/fr\/wp-json\/wp\/v2\/types\/page"}],"author":[{"embeddable":true,"href":"https:\/\/www.boxloader.com\/fr\/wp-json\/wp\/v2\/users\/1"}],"replies":[{"embeddable":true,"href":"https:\/\/www.boxloader.com\/fr\/wp-json\/wp\/v2\/comments?post=130"}],"version-history":[{"count":4,"href":"https:\/\/www.boxloader.com\/fr\/wp-json\/wp\/v2\/pages\/130\/revisions"}],"predecessor-version":[{"id":1304,"href":"https:\/\/www.boxloader.com\/fr\/wp-json\/wp\/v2\/pages\/130\/revisions\/1304"}],"wp:featuredmedia":[{"embeddable":true,"href":"https:\/\/www.boxloader.com\/fr\/wp-json\/wp\/v2\/media\/1605"}],"wp:attachment":[{"href":"https:\/\/www.boxloader.com\/fr\/wp-json\/wp\/v2\/media?parent=130"}],"curies":[{"name":"wp","href":"https:\/\/api.w.org\/{rel}","templated":true}]}}