{"id":112,"date":"2019-12-10T15:25:16","date_gmt":"2019-12-10T14:25:16","guid":{"rendered":"http:\/\/rarsdsv.cluster028.hosting.ovh.net\/?page_id=112"},"modified":"2020-01-15T09:27:29","modified_gmt":"2020-01-15T08:27:29","slug":"les-partenaires","status":"publish","type":"page","link":"https:\/\/www.boxloader.com\/fr\/les-partenaires\/","title":{"rendered":"Les partenaires"},"content":{"rendered":"<p>&nbsp;<\/p>\n<p><span style=\"font-weight: 400;\">Tous nos partenaires, qu\u2019ils soient industriels, institutionnels ou commerciaux, sont reconnus, exp\u00e9riment\u00e9s et comp\u00e9tents\u00a0 dans leurs domaines. Nous croyons fermement en l\u2019efficacit\u00e9 et aux b\u00e9n\u00e9fices du travail en \u00e9quipe et cela n\u2019a cess\u00e9 de faire ses preuves depuis les trente derni\u00e8res ann\u00e9es. \u00c9parpill\u00e9s aux quatre coins du monde, de l\u2019Am\u00e9rique du Sud \u00e0 l\u2019Oc\u00e9anie en passant par l\u2019Asie et l\u2019Afrique, nos partenariats vous garantissent un service de proximit\u00e9 o\u00f9 que vous soyez et donc l\u2019assurance que vos demandes obtiennent les r\u00e9ponses ad\u00e9quates.<\/span><\/p>\n<p>&nbsp;<\/p>\n<p><a href=\"https:\/\/psgroup.diytrade.com\/\"><img decoding=\"async\" class=\"alignleft wp-image-171 lazyload\" data-src=\"https:\/\/www.boxloader.com\/wp-content\/uploads\/2019\/12\/Boxloader_Poh_Seng.jpg\" alt=\"\" width=\"204\" height=\"84\" src=\"data:image\/svg+xml;base64,PHN2ZyB3aWR0aD0iMSIgaGVpZ2h0PSIxIiB4bWxucz0iaHR0cDovL3d3dy53My5vcmcvMjAwMC9zdmciPjwvc3ZnPg==\" style=\"--smush-placeholder-width: 204px; --smush-placeholder-aspect-ratio: 204\/84;\" \/><\/a> <a href=\"https:\/\/patchell.co.nz\/\"><img decoding=\"async\" class=\"alignleft wp-image-172 size-full lazyload\" data-src=\"https:\/\/www.boxloader.com\/wp-content\/uploads\/2019\/12\/Boxloader_Patchell.jpg\" alt=\"\" width=\"180\" height=\"74\" src=\"data:image\/svg+xml;base64,PHN2ZyB3aWR0aD0iMSIgaGVpZ2h0PSIxIiB4bWxucz0iaHR0cDovL3d3dy53My5vcmcvMjAwMC9zdmciPjwvc3ZnPg==\" style=\"--smush-placeholder-width: 180px; --smush-placeholder-aspect-ratio: 180\/74;\" \/><\/a> <a href=\"https:\/\/www.henredfruehauf.co.za\/\"><img decoding=\"async\" class=\"alignleft wp-image-174 size-full lazyload\" data-src=\"https:\/\/www.boxloader.com\/wp-content\/uploads\/2019\/12\/Boxloader_Henred_Fruzhauf.jpg\" alt=\"\" width=\"180\" height=\"74\" src=\"data:image\/svg+xml;base64,PHN2ZyB3aWR0aD0iMSIgaGVpZ2h0PSIxIiB4bWxucz0iaHR0cDovL3d3dy53My5vcmcvMjAwMC9zdmciPjwvc3ZnPg==\" style=\"--smush-placeholder-width: 180px; --smush-placeholder-aspect-ratio: 180\/74;\" \/><\/a> <a href=\"https:\/\/thedrakegroup.com.au\/\"><img decoding=\"async\" class=\"alignleft wp-image-175 size-full lazyload\" data-src=\"https:\/\/www.boxloader.com\/wp-content\/uploads\/2019\/12\/Boxloader_Drake.jpg\" alt=\"\" width=\"180\" height=\"74\" src=\"data:image\/svg+xml;base64,PHN2ZyB3aWR0aD0iMSIgaGVpZ2h0PSIxIiB4bWxucz0iaHR0cDovL3d3dy53My5vcmcvMjAwMC9zdmciPjwvc3ZnPg==\" style=\"--smush-placeholder-width: 180px; --smush-placeholder-aspect-ratio: 180\/74;\" \/><\/a> <a href=\"https:\/\/www.bolding.as\/en\"><img decoding=\"async\" class=\"alignleft wp-image-173 lazyload\" data-src=\"https:\/\/www.boxloader.com\/wp-content\/uploads\/2019\/12\/logo-2.png\" alt=\"\" width=\"114\" height=\"114\" src=\"data:image\/svg+xml;base64,PHN2ZyB3aWR0aD0iMSIgaGVpZ2h0PSIxIiB4bWxucz0iaHR0cDovL3d3dy53My5vcmcvMjAwMC9zdmciPjwvc3ZnPg==\" style=\"--smush-placeholder-width: 114px; --smush-placeholder-aspect-ratio: 114\/114;\" \/><\/a><\/p>\n<p>&nbsp;<\/p>\n<p>&nbsp;<\/p>\n<p>&nbsp;<\/p>\n<p>&nbsp;<\/p>\n<p>&nbsp;<\/p>\n<p>&nbsp;<\/p>\n<p>&nbsp;<\/p>\n","protected":false},"excerpt":{"rendered":"<p>&nbsp; Tous nos partenaires, qu\u2019ils soient&#8230; <br \/><a class=\"readmore\" href=\"https:\/\/www.boxloader.com\/fr\/les-partenaires\/\">Lire la suite<\/a><\/p>\n","protected":false},"author":1,"featured_media":797,"parent":0,"menu_order":0,"comment_status":"closed","ping_status":"closed","template":"","meta":{"footnotes":""},"class_list":["post-112","page","type-page","status-publish","has-post-thumbnail","hentry"],"yoast_head":"<!-- This site is optimized with the Yoast SEO plugin v26.8 - https:\/\/yoast.com\/product\/yoast-seo-wordpress\/ -->\n<title>Les partenaires - BoxLoader<\/title>\n<meta name=\"robots\" content=\"index, follow, max-snippet:-1, max-image-preview:large, max-video-preview:-1\" \/>\n<link rel=\"canonical\" href=\"https:\/\/www.boxloader.com\/our-partners\/\" \/>\n<meta property=\"og:locale\" content=\"fr_FR\" \/>\n<meta property=\"og:type\" content=\"article\" \/>\n<meta property=\"og:title\" content=\"Les partenaires - BoxLoader\" \/>\n<meta property=\"og:description\" content=\"&nbsp; Tous nos partenaires, qu\u2019ils soient... Lire la suite\" \/>\n<meta property=\"og:url\" content=\"https:\/\/www.boxloader.com\/our-partners\/\" \/>\n<meta property=\"og:site_name\" content=\"BoxLoader\" \/>\n<meta property=\"article:modified_time\" content=\"2020-01-15T08:27:29+00:00\" \/>\n<meta property=\"og:image\" content=\"https:\/\/www.boxloader.com\/wp-content\/uploads\/2019\/12\/JD030-17-e1577168040794.jpg\" \/>\n\t<meta property=\"og:image:width\" content=\"1620\" \/>\n\t<meta property=\"og:image:height\" content=\"789\" \/>\n\t<meta property=\"og:image:type\" content=\"image\/jpeg\" \/>\n<meta name=\"twitter:card\" content=\"summary_large_image\" \/>\n<meta name=\"twitter:label1\" content=\"Dur\u00e9e de lecture estim\u00e9e\" \/>\n\t<meta name=\"twitter:data1\" content=\"1 minute\" \/>\n<script type=\"application\/ld+json\" class=\"yoast-schema-graph\">{\"@context\":\"https:\/\/schema.org\",\"@graph\":[{\"@type\":\"WebPage\",\"@id\":\"https:\/\/www.boxloader.com\/our-partners\/\",\"url\":\"https:\/\/www.boxloader.com\/our-partners\/\",\"name\":\"Les partenaires - BoxLoader\",\"isPartOf\":{\"@id\":\"https:\/\/www.boxloader.com\/#website\"},\"primaryImageOfPage\":{\"@id\":\"https:\/\/www.boxloader.com\/our-partners\/#primaryimage\"},\"image\":{\"@id\":\"https:\/\/www.boxloader.com\/our-partners\/#primaryimage\"},\"thumbnailUrl\":\"https:\/\/www.boxloader.com\/wp-content\/uploads\/2019\/12\/JD030-17-e1577168040794.jpg\",\"datePublished\":\"2019-12-10T14:25:16+00:00\",\"dateModified\":\"2020-01-15T08:27:29+00:00\",\"breadcrumb\":{\"@id\":\"https:\/\/www.boxloader.com\/our-partners\/#breadcrumb\"},\"inLanguage\":\"fr-FR\",\"potentialAction\":[{\"@type\":\"ReadAction\",\"target\":[\"https:\/\/www.boxloader.com\/our-partners\/\"]}]},{\"@type\":\"ImageObject\",\"inLanguage\":\"fr-FR\",\"@id\":\"https:\/\/www.boxloader.com\/our-partners\/#primaryimage\",\"url\":\"https:\/\/www.boxloader.com\/wp-content\/uploads\/2019\/12\/JD030-17-e1577168040794.jpg\",\"contentUrl\":\"https:\/\/www.boxloader.com\/wp-content\/uploads\/2019\/12\/JD030-17-e1577168040794.jpg\",\"width\":1620,\"height\":789},{\"@type\":\"BreadcrumbList\",\"@id\":\"https:\/\/www.boxloader.com\/our-partners\/#breadcrumb\",\"itemListElement\":[{\"@type\":\"ListItem\",\"position\":1,\"name\":\"Home\",\"item\":\"https:\/\/www.boxloader.com\/\"},{\"@type\":\"ListItem\",\"position\":2,\"name\":\"Les partenaires\"}]},{\"@type\":\"WebSite\",\"@id\":\"https:\/\/www.boxloader.com\/#website\",\"url\":\"https:\/\/www.boxloader.com\/\",\"name\":\"BoxLoader\",\"description\":\"l\u00e8ve conteneur, sideloader et chargeur lat\u00e9ral pour ch\u00e2ssis et remorque\",\"publisher\":{\"@id\":\"https:\/\/www.boxloader.com\/#organization\"},\"potentialAction\":[{\"@type\":\"SearchAction\",\"target\":{\"@type\":\"EntryPoint\",\"urlTemplate\":\"https:\/\/www.boxloader.com\/?s={search_term_string}\"},\"query-input\":{\"@type\":\"PropertyValueSpecification\",\"valueRequired\":true,\"valueName\":\"search_term_string\"}}],\"inLanguage\":\"fr-FR\"},{\"@type\":\"Organization\",\"@id\":\"https:\/\/www.boxloader.com\/#organization\",\"name\":\"BoXLoader\",\"url\":\"https:\/\/www.boxloader.com\/\",\"logo\":{\"@type\":\"ImageObject\",\"inLanguage\":\"fr-FR\",\"@id\":\"https:\/\/www.boxloader.com\/#\/schema\/logo\/image\/\",\"url\":\"https:\/\/www.boxloader.com\/wp-content\/uploads\/2019\/12\/BOXLOADER_DE\u00a6u\u0308FONCE_COULEUR_RVB.jpg\",\"contentUrl\":\"https:\/\/www.boxloader.com\/wp-content\/uploads\/2019\/12\/BOXLOADER_DE\u00a6u\u0308FONCE_COULEUR_RVB.jpg\",\"width\":2560,\"height\":710,\"caption\":\"BoXLoader\"},\"image\":{\"@id\":\"https:\/\/www.boxloader.com\/#\/schema\/logo\/image\/\"}}]}<\/script>\n<!-- \/ Yoast SEO plugin. -->","yoast_head_json":{"title":"Les partenaires - BoxLoader","robots":{"index":"index","follow":"follow","max-snippet":"max-snippet:-1","max-image-preview":"max-image-preview:large","max-video-preview":"max-video-preview:-1"},"canonical":"https:\/\/www.boxloader.com\/our-partners\/","og_locale":"fr_FR","og_type":"article","og_title":"Les partenaires - BoxLoader","og_description":"&nbsp; Tous nos partenaires, qu\u2019ils soient... Lire la suite","og_url":"https:\/\/www.boxloader.com\/our-partners\/","og_site_name":"BoxLoader","article_modified_time":"2020-01-15T08:27:29+00:00","og_image":[{"width":1620,"height":789,"url":"https:\/\/www.boxloader.com\/wp-content\/uploads\/2019\/12\/JD030-17-e1577168040794.jpg","type":"image\/jpeg"}],"twitter_card":"summary_large_image","twitter_misc":{"Dur\u00e9e de lecture estim\u00e9e":"1 minute"},"schema":{"@context":"https:\/\/schema.org","@graph":[{"@type":"WebPage","@id":"https:\/\/www.boxloader.com\/our-partners\/","url":"https:\/\/www.boxloader.com\/our-partners\/","name":"Les partenaires - BoxLoader","isPartOf":{"@id":"https:\/\/www.boxloader.com\/#website"},"primaryImageOfPage":{"@id":"https:\/\/www.boxloader.com\/our-partners\/#primaryimage"},"image":{"@id":"https:\/\/www.boxloader.com\/our-partners\/#primaryimage"},"thumbnailUrl":"https:\/\/www.boxloader.com\/wp-content\/uploads\/2019\/12\/JD030-17-e1577168040794.jpg","datePublished":"2019-12-10T14:25:16+00:00","dateModified":"2020-01-15T08:27:29+00:00","breadcrumb":{"@id":"https:\/\/www.boxloader.com\/our-partners\/#breadcrumb"},"inLanguage":"fr-FR","potentialAction":[{"@type":"ReadAction","target":["https:\/\/www.boxloader.com\/our-partners\/"]}]},{"@type":"ImageObject","inLanguage":"fr-FR","@id":"https:\/\/www.boxloader.com\/our-partners\/#primaryimage","url":"https:\/\/www.boxloader.com\/wp-content\/uploads\/2019\/12\/JD030-17-e1577168040794.jpg","contentUrl":"https:\/\/www.boxloader.com\/wp-content\/uploads\/2019\/12\/JD030-17-e1577168040794.jpg","width":1620,"height":789},{"@type":"BreadcrumbList","@id":"https:\/\/www.boxloader.com\/our-partners\/#breadcrumb","itemListElement":[{"@type":"ListItem","position":1,"name":"Home","item":"https:\/\/www.boxloader.com\/"},{"@type":"ListItem","position":2,"name":"Les partenaires"}]},{"@type":"WebSite","@id":"https:\/\/www.boxloader.com\/#website","url":"https:\/\/www.boxloader.com\/","name":"BoxLoader","description":"l\u00e8ve conteneur, sideloader et chargeur lat\u00e9ral pour ch\u00e2ssis et remorque","publisher":{"@id":"https:\/\/www.boxloader.com\/#organization"},"potentialAction":[{"@type":"SearchAction","target":{"@type":"EntryPoint","urlTemplate":"https:\/\/www.boxloader.com\/?s={search_term_string}"},"query-input":{"@type":"PropertyValueSpecification","valueRequired":true,"valueName":"search_term_string"}}],"inLanguage":"fr-FR"},{"@type":"Organization","@id":"https:\/\/www.boxloader.com\/#organization","name":"BoXLoader","url":"https:\/\/www.boxloader.com\/","logo":{"@type":"ImageObject","inLanguage":"fr-FR","@id":"https:\/\/www.boxloader.com\/#\/schema\/logo\/image\/","url":"https:\/\/www.boxloader.com\/wp-content\/uploads\/2019\/12\/BOXLOADER_DE\u00a6u\u0308FONCE_COULEUR_RVB.jpg","contentUrl":"https:\/\/www.boxloader.com\/wp-content\/uploads\/2019\/12\/BOXLOADER_DE\u00a6u\u0308FONCE_COULEUR_RVB.jpg","width":2560,"height":710,"caption":"BoXLoader"},"image":{"@id":"https:\/\/www.boxloader.com\/#\/schema\/logo\/image\/"}}]}},"_links":{"self":[{"href":"https:\/\/www.boxloader.com\/fr\/wp-json\/wp\/v2\/pages\/112","targetHints":{"allow":["GET"]}}],"collection":[{"href":"https:\/\/www.boxloader.com\/fr\/wp-json\/wp\/v2\/pages"}],"about":[{"href":"https:\/\/www.boxloader.com\/fr\/wp-json\/wp\/v2\/types\/page"}],"author":[{"embeddable":true,"href":"https:\/\/www.boxloader.com\/fr\/wp-json\/wp\/v2\/users\/1"}],"replies":[{"embeddable":true,"href":"https:\/\/www.boxloader.com\/fr\/wp-json\/wp\/v2\/comments?post=112"}],"version-history":[{"count":5,"href":"https:\/\/www.boxloader.com\/fr\/wp-json\/wp\/v2\/pages\/112\/revisions"}],"predecessor-version":[{"id":1444,"href":"https:\/\/www.boxloader.com\/fr\/wp-json\/wp\/v2\/pages\/112\/revisions\/1444"}],"wp:featuredmedia":[{"embeddable":true,"href":"https:\/\/www.boxloader.com\/fr\/wp-json\/wp\/v2\/media\/797"}],"wp:attachment":[{"href":"https:\/\/www.boxloader.com\/fr\/wp-json\/wp\/v2\/media?parent=112"}],"curies":[{"name":"wp","href":"https:\/\/api.w.org\/{rel}","templated":true}]}}