{"id":108,"date":"2019-12-10T15:24:47","date_gmt":"2019-12-10T14:24:47","guid":{"rendered":"http:\/\/rarsdsv.cluster028.hosting.ovh.net\/?page_id=108"},"modified":"2020-01-03T17:24:25","modified_gmt":"2020-01-03T16:24:25","slug":"pourquoi-choisir-boxloader","status":"publish","type":"page","link":"https:\/\/www.boxloader.com\/fr\/pourquoi-choisir-boxloader\/","title":{"rendered":"Pourquoi choisir Boxloader ?"},"content":{"rendered":"<p>&nbsp;<\/p>\n<p>Choisir Boxloader c\u2019est s\u2019assurer d\u2019obtenir un produit et un service de haute qualit\u00e9, d\u00e8s la premi\u00e8re prise de contact. De l\u2019aspect technique, avec un bureau d\u2019\u00e9tude d\u00e9vou\u00e9 et \u00e0 l\u2019\u00e9coute et un atelier de fabrication consciencieux, \u00e0 l\u2019aspect commercial, avec des professionnels r\u00e9actifs, nous nous assurons de cibler au mieux vos besoins pour vous proposer le produit le plus adapt\u00e9. Chaque aspect de votre demande est minutieusement \u00e9tudi\u00e9 et aucun d\u00e9tail n\u2019est laiss\u00e9 de c\u00f4t\u00e9. Nous ne nous contentons pas seulement de r\u00e9pondre \u00e0 vos attentes, nous nous effor\u00e7ons \u00e9galement de les d\u00e9passer.<\/p>\n<p>&nbsp;<\/p>\n<h2><strong>Une qualit\u00e9 incomparable\u00a0<\/strong><\/h2>\n<p style=\"text-align: left;\">Boxloader est fier de ma\u00eetriser une technologie de pointe, avec des crit\u00e8res d\u2019exigence propres bas\u00e9s sur l\u2019innovation, la performance et la qualit\u00e9. Les techniques les plus modernes ont \u00e9t\u00e9 mises en oeuvre pour d\u00e9velopper nos produits, avec des capacit\u00e9s optimis\u00e9es et une adaptation \u00e0 chaque r\u00e9gion du monde et sp\u00e9cificit\u00e9 de march\u00e9. En choisissant Boxloader, vous faites le choix d&rsquo;une qualit\u00e9 exemplaire et incomparable made in France. Soucieux de la satisfaction de nos clients, nous restons \u00e0 l&rsquo;\u00e9coute pour continuer de proposer une gamme de produits puissants, soign\u00e9s et in\u00e9galables.<\/p>\n<p>&nbsp;<\/p>\n<h2><strong>Certification aux normes europ\u00e9ennes \u00a0<\/strong><\/h2>\n<p>Avec la majorit\u00e9 des Boxloader destin\u00e9e \u00e0 l\u2019export, il est n\u00e9cessaire que chaque produit r\u00e9ponde aux exigences internationales. Chaque nouvelle machine est soigneusement examin\u00e9e pour r\u00e9pondre aux certifications des normes europ\u00e9ennes, dont notamment la certification DEKRA, permettant ainsi une v\u00e9rification de la s\u00e9curit\u00e9 et de la qualit\u00e9 des produits en toute objectivit\u00e9. Du design au produit fini, nous recherchons l&rsquo;excellence.<\/p>\n<p>&nbsp;<\/p>\n<p>&nbsp;<\/p>\n","protected":false},"excerpt":{"rendered":"<p>&nbsp; Choisir Boxloader c\u2019est s\u2019assurer d\u2019obtenir&#8230; <br \/><a class=\"readmore\" href=\"https:\/\/www.boxloader.com\/fr\/pourquoi-choisir-boxloader\/\">Lire la suite<\/a><\/p>\n","protected":false},"author":1,"featured_media":151,"parent":0,"menu_order":0,"comment_status":"closed","ping_status":"closed","template":"","meta":{"footnotes":""},"class_list":["post-108","page","type-page","status-publish","has-post-thumbnail","hentry"],"yoast_head":"<!-- This site is optimized with the Yoast SEO plugin v26.8 - https:\/\/yoast.com\/product\/yoast-seo-wordpress\/ -->\n<title>Pourquoi choisir Boxloader ? - BoxLoader<\/title>\n<meta name=\"robots\" content=\"index, follow, max-snippet:-1, max-image-preview:large, max-video-preview:-1\" \/>\n<link rel=\"canonical\" href=\"https:\/\/www.boxloader.com\/why-choose-boxloader\/\" \/>\n<meta property=\"og:locale\" content=\"fr_FR\" \/>\n<meta property=\"og:type\" content=\"article\" \/>\n<meta property=\"og:title\" content=\"Pourquoi choisir Boxloader ? - BoxLoader\" \/>\n<meta property=\"og:description\" content=\"&nbsp; Choisir Boxloader c\u2019est s\u2019assurer d\u2019obtenir... Lire la suite\" \/>\n<meta property=\"og:url\" content=\"https:\/\/www.boxloader.com\/why-choose-boxloader\/\" \/>\n<meta property=\"og:site_name\" content=\"BoxLoader\" \/>\n<meta property=\"article:modified_time\" content=\"2020-01-03T16:24:25+00:00\" \/>\n<meta property=\"og:image\" content=\"https:\/\/www.boxloader.com\/wp-content\/uploads\/2019\/12\/Boxloader_presentation.jpg\" \/>\n\t<meta property=\"og:image:width\" content=\"1900\" \/>\n\t<meta property=\"og:image:height\" content=\"450\" \/>\n\t<meta property=\"og:image:type\" content=\"image\/jpeg\" \/>\n<meta name=\"twitter:card\" content=\"summary_large_image\" \/>\n<meta name=\"twitter:label1\" content=\"Dur\u00e9e de lecture estim\u00e9e\" \/>\n\t<meta name=\"twitter:data1\" content=\"1 minute\" \/>\n<script type=\"application\/ld+json\" class=\"yoast-schema-graph\">{\"@context\":\"https:\/\/schema.org\",\"@graph\":[{\"@type\":\"WebPage\",\"@id\":\"https:\/\/www.boxloader.com\/why-choose-boxloader\/\",\"url\":\"https:\/\/www.boxloader.com\/why-choose-boxloader\/\",\"name\":\"Pourquoi choisir Boxloader ? - BoxLoader\",\"isPartOf\":{\"@id\":\"https:\/\/www.boxloader.com\/#website\"},\"primaryImageOfPage\":{\"@id\":\"https:\/\/www.boxloader.com\/why-choose-boxloader\/#primaryimage\"},\"image\":{\"@id\":\"https:\/\/www.boxloader.com\/why-choose-boxloader\/#primaryimage\"},\"thumbnailUrl\":\"https:\/\/www.boxloader.com\/wp-content\/uploads\/2019\/12\/Boxloader_presentation.jpg\",\"datePublished\":\"2019-12-10T14:24:47+00:00\",\"dateModified\":\"2020-01-03T16:24:25+00:00\",\"breadcrumb\":{\"@id\":\"https:\/\/www.boxloader.com\/why-choose-boxloader\/#breadcrumb\"},\"inLanguage\":\"fr-FR\",\"potentialAction\":[{\"@type\":\"ReadAction\",\"target\":[\"https:\/\/www.boxloader.com\/why-choose-boxloader\/\"]}]},{\"@type\":\"ImageObject\",\"inLanguage\":\"fr-FR\",\"@id\":\"https:\/\/www.boxloader.com\/why-choose-boxloader\/#primaryimage\",\"url\":\"https:\/\/www.boxloader.com\/wp-content\/uploads\/2019\/12\/Boxloader_presentation.jpg\",\"contentUrl\":\"https:\/\/www.boxloader.com\/wp-content\/uploads\/2019\/12\/Boxloader_presentation.jpg\",\"width\":1900,\"height\":450},{\"@type\":\"BreadcrumbList\",\"@id\":\"https:\/\/www.boxloader.com\/why-choose-boxloader\/#breadcrumb\",\"itemListElement\":[{\"@type\":\"ListItem\",\"position\":1,\"name\":\"Home\",\"item\":\"https:\/\/www.boxloader.com\/\"},{\"@type\":\"ListItem\",\"position\":2,\"name\":\"Pourquoi choisir Boxloader ?\"}]},{\"@type\":\"WebSite\",\"@id\":\"https:\/\/www.boxloader.com\/#website\",\"url\":\"https:\/\/www.boxloader.com\/\",\"name\":\"BoxLoader\",\"description\":\"l\u00e8ve conteneur, sideloader et chargeur lat\u00e9ral pour ch\u00e2ssis et remorque\",\"publisher\":{\"@id\":\"https:\/\/www.boxloader.com\/#organization\"},\"potentialAction\":[{\"@type\":\"SearchAction\",\"target\":{\"@type\":\"EntryPoint\",\"urlTemplate\":\"https:\/\/www.boxloader.com\/?s={search_term_string}\"},\"query-input\":{\"@type\":\"PropertyValueSpecification\",\"valueRequired\":true,\"valueName\":\"search_term_string\"}}],\"inLanguage\":\"fr-FR\"},{\"@type\":\"Organization\",\"@id\":\"https:\/\/www.boxloader.com\/#organization\",\"name\":\"BoXLoader\",\"url\":\"https:\/\/www.boxloader.com\/\",\"logo\":{\"@type\":\"ImageObject\",\"inLanguage\":\"fr-FR\",\"@id\":\"https:\/\/www.boxloader.com\/#\/schema\/logo\/image\/\",\"url\":\"https:\/\/www.boxloader.com\/wp-content\/uploads\/2019\/12\/BOXLOADER_DE\u00a6u\u0308FONCE_COULEUR_RVB.jpg\",\"contentUrl\":\"https:\/\/www.boxloader.com\/wp-content\/uploads\/2019\/12\/BOXLOADER_DE\u00a6u\u0308FONCE_COULEUR_RVB.jpg\",\"width\":2560,\"height\":710,\"caption\":\"BoXLoader\"},\"image\":{\"@id\":\"https:\/\/www.boxloader.com\/#\/schema\/logo\/image\/\"}}]}<\/script>\n<!-- \/ Yoast SEO plugin. -->","yoast_head_json":{"title":"Pourquoi choisir Boxloader ? - BoxLoader","robots":{"index":"index","follow":"follow","max-snippet":"max-snippet:-1","max-image-preview":"max-image-preview:large","max-video-preview":"max-video-preview:-1"},"canonical":"https:\/\/www.boxloader.com\/why-choose-boxloader\/","og_locale":"fr_FR","og_type":"article","og_title":"Pourquoi choisir Boxloader ? - BoxLoader","og_description":"&nbsp; Choisir Boxloader c\u2019est s\u2019assurer d\u2019obtenir... Lire la suite","og_url":"https:\/\/www.boxloader.com\/why-choose-boxloader\/","og_site_name":"BoxLoader","article_modified_time":"2020-01-03T16:24:25+00:00","og_image":[{"width":1900,"height":450,"url":"https:\/\/www.boxloader.com\/wp-content\/uploads\/2019\/12\/Boxloader_presentation.jpg","type":"image\/jpeg"}],"twitter_card":"summary_large_image","twitter_misc":{"Dur\u00e9e de lecture estim\u00e9e":"1 minute"},"schema":{"@context":"https:\/\/schema.org","@graph":[{"@type":"WebPage","@id":"https:\/\/www.boxloader.com\/why-choose-boxloader\/","url":"https:\/\/www.boxloader.com\/why-choose-boxloader\/","name":"Pourquoi choisir Boxloader ? - BoxLoader","isPartOf":{"@id":"https:\/\/www.boxloader.com\/#website"},"primaryImageOfPage":{"@id":"https:\/\/www.boxloader.com\/why-choose-boxloader\/#primaryimage"},"image":{"@id":"https:\/\/www.boxloader.com\/why-choose-boxloader\/#primaryimage"},"thumbnailUrl":"https:\/\/www.boxloader.com\/wp-content\/uploads\/2019\/12\/Boxloader_presentation.jpg","datePublished":"2019-12-10T14:24:47+00:00","dateModified":"2020-01-03T16:24:25+00:00","breadcrumb":{"@id":"https:\/\/www.boxloader.com\/why-choose-boxloader\/#breadcrumb"},"inLanguage":"fr-FR","potentialAction":[{"@type":"ReadAction","target":["https:\/\/www.boxloader.com\/why-choose-boxloader\/"]}]},{"@type":"ImageObject","inLanguage":"fr-FR","@id":"https:\/\/www.boxloader.com\/why-choose-boxloader\/#primaryimage","url":"https:\/\/www.boxloader.com\/wp-content\/uploads\/2019\/12\/Boxloader_presentation.jpg","contentUrl":"https:\/\/www.boxloader.com\/wp-content\/uploads\/2019\/12\/Boxloader_presentation.jpg","width":1900,"height":450},{"@type":"BreadcrumbList","@id":"https:\/\/www.boxloader.com\/why-choose-boxloader\/#breadcrumb","itemListElement":[{"@type":"ListItem","position":1,"name":"Home","item":"https:\/\/www.boxloader.com\/"},{"@type":"ListItem","position":2,"name":"Pourquoi choisir Boxloader ?"}]},{"@type":"WebSite","@id":"https:\/\/www.boxloader.com\/#website","url":"https:\/\/www.boxloader.com\/","name":"BoxLoader","description":"l\u00e8ve conteneur, sideloader et chargeur lat\u00e9ral pour ch\u00e2ssis et remorque","publisher":{"@id":"https:\/\/www.boxloader.com\/#organization"},"potentialAction":[{"@type":"SearchAction","target":{"@type":"EntryPoint","urlTemplate":"https:\/\/www.boxloader.com\/?s={search_term_string}"},"query-input":{"@type":"PropertyValueSpecification","valueRequired":true,"valueName":"search_term_string"}}],"inLanguage":"fr-FR"},{"@type":"Organization","@id":"https:\/\/www.boxloader.com\/#organization","name":"BoXLoader","url":"https:\/\/www.boxloader.com\/","logo":{"@type":"ImageObject","inLanguage":"fr-FR","@id":"https:\/\/www.boxloader.com\/#\/schema\/logo\/image\/","url":"https:\/\/www.boxloader.com\/wp-content\/uploads\/2019\/12\/BOXLOADER_DE\u00a6u\u0308FONCE_COULEUR_RVB.jpg","contentUrl":"https:\/\/www.boxloader.com\/wp-content\/uploads\/2019\/12\/BOXLOADER_DE\u00a6u\u0308FONCE_COULEUR_RVB.jpg","width":2560,"height":710,"caption":"BoXLoader"},"image":{"@id":"https:\/\/www.boxloader.com\/#\/schema\/logo\/image\/"}}]}},"_links":{"self":[{"href":"https:\/\/www.boxloader.com\/fr\/wp-json\/wp\/v2\/pages\/108","targetHints":{"allow":["GET"]}}],"collection":[{"href":"https:\/\/www.boxloader.com\/fr\/wp-json\/wp\/v2\/pages"}],"about":[{"href":"https:\/\/www.boxloader.com\/fr\/wp-json\/wp\/v2\/types\/page"}],"author":[{"embeddable":true,"href":"https:\/\/www.boxloader.com\/fr\/wp-json\/wp\/v2\/users\/1"}],"replies":[{"embeddable":true,"href":"https:\/\/www.boxloader.com\/fr\/wp-json\/wp\/v2\/comments?post=108"}],"version-history":[{"count":5,"href":"https:\/\/www.boxloader.com\/fr\/wp-json\/wp\/v2\/pages\/108\/revisions"}],"predecessor-version":[{"id":1145,"href":"https:\/\/www.boxloader.com\/fr\/wp-json\/wp\/v2\/pages\/108\/revisions\/1145"}],"wp:featuredmedia":[{"embeddable":true,"href":"https:\/\/www.boxloader.com\/fr\/wp-json\/wp\/v2\/media\/151"}],"wp:attachment":[{"href":"https:\/\/www.boxloader.com\/fr\/wp-json\/wp\/v2\/media?parent=108"}],"curies":[{"name":"wp","href":"https:\/\/api.w.org\/{rel}","templated":true}]}}