{"id":106,"date":"2019-12-10T15:24:19","date_gmt":"2019-12-10T14:24:19","guid":{"rendered":"http:\/\/rarsdsv.cluster028.hosting.ovh.net\/?page_id=106"},"modified":"2020-01-22T17:14:47","modified_gmt":"2020-01-22T16:14:47","slug":"presentation-de-boxloader","status":"publish","type":"page","link":"https:\/\/www.boxloader.com\/fr\/presentation-de-boxloader\/","title":{"rendered":"Pr\u00e9sentation de Boxloader"},"content":{"rendered":"<h2><\/h2>\n<h2><strong>Notre histoire<\/strong><\/h2>\n<p><span style=\"font-weight: 400;\">Depuis plus de 30 ans, Boxloader a d\u00e9velopp\u00e9 une v\u00e9ritable expertise dans le domaine du chargeur lat\u00e9ral pour conteneurs.<br \/>\n<\/span><span style=\"font-weight: 400;\">Dans un premier temps install\u00e9 comme distributeur pour les Cara\u00efbes fran\u00e7aise d&rsquo;une marque d\u00e9j\u00e0 \u00e9tablie, nous avons introduit le concept du chargeur lat\u00e9ral sur ces territoires insulaires et accompagn\u00e9 la croissance des utilisateurs.<br \/>\n<\/span><span style=\"font-weight: 400;\">Dans un second temps, \u00e0 la demande des clients devenus plus exigeants dans leurs besoins tant en termes de solutions techniques que d&rsquo;accompagnement en apr\u00e8s vente, nous avons \u00e9volu\u00e9 en nous int\u00e9grant verticalement en amont, devenant fabricant \u00e0 part enti\u00e8re d\u2019une nouvelle gamme de chargeurs lat\u00e9raux\u00a0: les Boxloaders.<br \/>\n<\/span><span style=\"font-weight: 400;\">L\u2019entreprise n\u2019a cess\u00e9 de se d\u00e9velopper et elle continue \u00e0 s\u2019imposer comme un acteur majeur dans l\u2019industrie du chargeur lat\u00e9ral.<\/span><\/p>\n<p><span style=\"font-weight: 400;\">Courant 2019, Boxloader a acquis la marque n\u00e9o-z\u00e9landaise Swinglift aupr\u00e8s du Groupe Patchell Industries Ltd, faisant de ce rachat un partenariat unique dans l\u2019industrie. Ce rachat s\u2019accompagne d\u2019un partenariat sur le long terme avec le groupe Patchell afin de permettre le d\u00e9veloppement des deux entit\u00e9s. Cette association va donc faire \u00e9merger un acteur dominant et important sur le march\u00e9 des autochargeurs, sur lequel Swinglift et Boxloader occupent d\u00e9j\u00e0 une position importante.<\/span><\/p>\n<p>&nbsp;<\/p>\n<h2><strong>Notre vision<\/strong><\/h2>\n<p><span style=\"font-weight: 400;\">Profond\u00e9ment impr\u00e9gn\u00e9 de cette double culture &#8211; \u00e0 la fois fabricant et distributeur &#8211; nous avons progressivement impos\u00e9 Boxloader comme une r\u00e9f\u00e9rence de premier plan dans l&rsquo;industrie du chargeur lat\u00e9ral. Les mod\u00e8les de grues uniques Boxloader assurent un fonctionnement plus rapide, plus s\u00fbr et plus fiable pour l\u2019utilisateur. En pla\u00e7ant l&rsquo;utilisateur au c\u0153ur de nos d\u00e9veloppements industriels et commerciaux, nous sommes d\u00e9termin\u00e9s \u00e0 nous imposer comme le leader incontest\u00e9 en termes d&rsquo;innovations, de performances et de qualit\u00e9.<\/span><\/p>\n<p>&nbsp;<\/p>\n<h2><strong>Notre mission<\/strong><\/h2>\n<p><span style=\"font-weight: 400;\">Anim\u00e9s par une devise simple : \u00ab Nos clients sont nos meilleurs ambassadeurs \u00bb, nous avons d\u00e9velopp\u00e9 une gamme de produits r\u00e9pondant \u00e0 chacun des besoins de nos clients.<br \/>\n<\/span><span style=\"font-weight: 400;\">En parall\u00e8le, nous poussons toujours plus loin l&rsquo;exigence de service, avec des \u00e9quipes commerciales et techniques \u00e0 votre \u00e9coute pour \u00e9laborer avec vous les solutions dont vous avez r\u00e9ellement besoin. <\/span><span style=\"font-weight: 400;\">Ainsi, choisir Boxloader ne fait pas de vous un client suppl\u00e9mentaire ; c&rsquo;est plut\u00f4t le d\u00e9but d&rsquo;un partenariat riche et d&rsquo;une longue histoire entre vous et nous.<\/span><\/p>\n<p>&nbsp;<\/p>\n<p style=\"text-align: center;\"><iframe data-src=\"https:\/\/www.youtube.com\/embed\/T0Epnnr-rUo\" width=\"760\" height=\"515\" frameborder=\"0\" allowfullscreen=\"allowfullscreen\" src=\"data:image\/svg+xml;base64,PHN2ZyB3aWR0aD0iMSIgaGVpZ2h0PSIxIiB4bWxucz0iaHR0cDovL3d3dy53My5vcmcvMjAwMC9zdmciPjwvc3ZnPg==\" data-load-mode=\"1\"><span data-mce-type=\"bookmark\" style=\"display: inline-block; width: 0px; overflow: hidden; line-height: 0;\" class=\"mce_SELRES_start lazyload\">\ufeff<\/span><span data-mce-type=\"bookmark\" style=\"display: inline-block; width: 0px; overflow: hidden; line-height: 0;\" class=\"mce_SELRES_start lazyload\">\ufeff<\/span><span data-mce-type=\"bookmark\" style=\"display: inline-block; width: 0px; overflow: hidden; line-height: 0;\" class=\"mce_SELRES_start lazyload\">\ufeff<\/span><\/iframe><\/p>\n<p>&nbsp;<\/p>\n","protected":false},"excerpt":{"rendered":"<p>Notre histoire Depuis plus de 30&#8230; <br \/><a class=\"readmore\" href=\"https:\/\/www.boxloader.com\/fr\/presentation-de-boxloader\/\">Lire la suite<\/a><\/p>\n","protected":false},"author":1,"featured_media":151,"parent":0,"menu_order":0,"comment_status":"closed","ping_status":"closed","template":"","meta":{"footnotes":""},"class_list":["post-106","page","type-page","status-publish","has-post-thumbnail","hentry"],"yoast_head":"<!-- This site is optimized with the Yoast SEO plugin v26.8 - https:\/\/yoast.com\/product\/yoast-seo-wordpress\/ -->\n<title>Boxloader, Engin porte conteneur<\/title>\n<meta name=\"description\" content=\"Pr\u00e9sentation de BoxLoader, expert en chargeur lat\u00e9ral pour conteneurs\" \/>\n<meta name=\"robots\" content=\"index, follow, max-snippet:-1, max-image-preview:large, max-video-preview:-1\" \/>\n<link rel=\"canonical\" href=\"https:\/\/www.boxloader.com\/about-boxloader\/\" \/>\n<meta property=\"og:locale\" content=\"fr_FR\" \/>\n<meta property=\"og:type\" content=\"article\" \/>\n<meta property=\"og:title\" content=\"Boxloader, Engin porte conteneur\" \/>\n<meta property=\"og:description\" content=\"Pr\u00e9sentation de BoxLoader, expert en chargeur lat\u00e9ral pour conteneurs\" \/>\n<meta property=\"og:url\" content=\"https:\/\/www.boxloader.com\/about-boxloader\/\" \/>\n<meta property=\"og:site_name\" content=\"BoxLoader\" \/>\n<meta property=\"article:modified_time\" content=\"2020-01-22T16:14:47+00:00\" \/>\n<meta property=\"og:image\" content=\"https:\/\/www.boxloader.com\/wp-content\/uploads\/2019\/12\/Boxloader_presentation.jpg\" \/>\n\t<meta property=\"og:image:width\" content=\"1900\" \/>\n\t<meta property=\"og:image:height\" content=\"450\" \/>\n\t<meta property=\"og:image:type\" content=\"image\/jpeg\" \/>\n<meta name=\"twitter:card\" content=\"summary_large_image\" \/>\n<meta name=\"twitter:label1\" content=\"Dur\u00e9e de lecture estim\u00e9e\" \/>\n\t<meta name=\"twitter:data1\" content=\"2 minutes\" \/>\n<script type=\"application\/ld+json\" class=\"yoast-schema-graph\">{\"@context\":\"https:\/\/schema.org\",\"@graph\":[{\"@type\":\"WebPage\",\"@id\":\"https:\/\/www.boxloader.com\/about-boxloader\/\",\"url\":\"https:\/\/www.boxloader.com\/about-boxloader\/\",\"name\":\"Boxloader, Engin porte conteneur\",\"isPartOf\":{\"@id\":\"https:\/\/www.boxloader.com\/#website\"},\"primaryImageOfPage\":{\"@id\":\"https:\/\/www.boxloader.com\/about-boxloader\/#primaryimage\"},\"image\":{\"@id\":\"https:\/\/www.boxloader.com\/about-boxloader\/#primaryimage\"},\"thumbnailUrl\":\"https:\/\/www.boxloader.com\/wp-content\/uploads\/2019\/12\/Boxloader_presentation.jpg\",\"datePublished\":\"2019-12-10T14:24:19+00:00\",\"dateModified\":\"2020-01-22T16:14:47+00:00\",\"description\":\"Pr\u00e9sentation de BoxLoader, expert en chargeur lat\u00e9ral pour conteneurs\",\"breadcrumb\":{\"@id\":\"https:\/\/www.boxloader.com\/about-boxloader\/#breadcrumb\"},\"inLanguage\":\"fr-FR\",\"potentialAction\":[{\"@type\":\"ReadAction\",\"target\":[\"https:\/\/www.boxloader.com\/about-boxloader\/\"]}]},{\"@type\":\"ImageObject\",\"inLanguage\":\"fr-FR\",\"@id\":\"https:\/\/www.boxloader.com\/about-boxloader\/#primaryimage\",\"url\":\"https:\/\/www.boxloader.com\/wp-content\/uploads\/2019\/12\/Boxloader_presentation.jpg\",\"contentUrl\":\"https:\/\/www.boxloader.com\/wp-content\/uploads\/2019\/12\/Boxloader_presentation.jpg\",\"width\":1900,\"height\":450},{\"@type\":\"BreadcrumbList\",\"@id\":\"https:\/\/www.boxloader.com\/about-boxloader\/#breadcrumb\",\"itemListElement\":[{\"@type\":\"ListItem\",\"position\":1,\"name\":\"Home\",\"item\":\"https:\/\/www.boxloader.com\/\"},{\"@type\":\"ListItem\",\"position\":2,\"name\":\"Pr\u00e9sentation de Boxloader\"}]},{\"@type\":\"WebSite\",\"@id\":\"https:\/\/www.boxloader.com\/#website\",\"url\":\"https:\/\/www.boxloader.com\/\",\"name\":\"BoxLoader\",\"description\":\"l\u00e8ve conteneur, sideloader et chargeur lat\u00e9ral pour ch\u00e2ssis et remorque\",\"publisher\":{\"@id\":\"https:\/\/www.boxloader.com\/#organization\"},\"potentialAction\":[{\"@type\":\"SearchAction\",\"target\":{\"@type\":\"EntryPoint\",\"urlTemplate\":\"https:\/\/www.boxloader.com\/?s={search_term_string}\"},\"query-input\":{\"@type\":\"PropertyValueSpecification\",\"valueRequired\":true,\"valueName\":\"search_term_string\"}}],\"inLanguage\":\"fr-FR\"},{\"@type\":\"Organization\",\"@id\":\"https:\/\/www.boxloader.com\/#organization\",\"name\":\"BoXLoader\",\"url\":\"https:\/\/www.boxloader.com\/\",\"logo\":{\"@type\":\"ImageObject\",\"inLanguage\":\"fr-FR\",\"@id\":\"https:\/\/www.boxloader.com\/#\/schema\/logo\/image\/\",\"url\":\"https:\/\/www.boxloader.com\/wp-content\/uploads\/2019\/12\/BOXLOADER_DE\u00a6u\u0308FONCE_COULEUR_RVB.jpg\",\"contentUrl\":\"https:\/\/www.boxloader.com\/wp-content\/uploads\/2019\/12\/BOXLOADER_DE\u00a6u\u0308FONCE_COULEUR_RVB.jpg\",\"width\":2560,\"height\":710,\"caption\":\"BoXLoader\"},\"image\":{\"@id\":\"https:\/\/www.boxloader.com\/#\/schema\/logo\/image\/\"}}]}<\/script>\n<!-- \/ Yoast SEO plugin. -->","yoast_head_json":{"title":"Boxloader, Engin porte conteneur","description":"Pr\u00e9sentation de BoxLoader, expert en chargeur lat\u00e9ral pour conteneurs","robots":{"index":"index","follow":"follow","max-snippet":"max-snippet:-1","max-image-preview":"max-image-preview:large","max-video-preview":"max-video-preview:-1"},"canonical":"https:\/\/www.boxloader.com\/about-boxloader\/","og_locale":"fr_FR","og_type":"article","og_title":"Boxloader, Engin porte conteneur","og_description":"Pr\u00e9sentation de BoxLoader, expert en chargeur lat\u00e9ral pour conteneurs","og_url":"https:\/\/www.boxloader.com\/about-boxloader\/","og_site_name":"BoxLoader","article_modified_time":"2020-01-22T16:14:47+00:00","og_image":[{"width":1900,"height":450,"url":"https:\/\/www.boxloader.com\/wp-content\/uploads\/2019\/12\/Boxloader_presentation.jpg","type":"image\/jpeg"}],"twitter_card":"summary_large_image","twitter_misc":{"Dur\u00e9e de lecture estim\u00e9e":"2 minutes"},"schema":{"@context":"https:\/\/schema.org","@graph":[{"@type":"WebPage","@id":"https:\/\/www.boxloader.com\/about-boxloader\/","url":"https:\/\/www.boxloader.com\/about-boxloader\/","name":"Boxloader, Engin porte conteneur","isPartOf":{"@id":"https:\/\/www.boxloader.com\/#website"},"primaryImageOfPage":{"@id":"https:\/\/www.boxloader.com\/about-boxloader\/#primaryimage"},"image":{"@id":"https:\/\/www.boxloader.com\/about-boxloader\/#primaryimage"},"thumbnailUrl":"https:\/\/www.boxloader.com\/wp-content\/uploads\/2019\/12\/Boxloader_presentation.jpg","datePublished":"2019-12-10T14:24:19+00:00","dateModified":"2020-01-22T16:14:47+00:00","description":"Pr\u00e9sentation de BoxLoader, expert en chargeur lat\u00e9ral pour conteneurs","breadcrumb":{"@id":"https:\/\/www.boxloader.com\/about-boxloader\/#breadcrumb"},"inLanguage":"fr-FR","potentialAction":[{"@type":"ReadAction","target":["https:\/\/www.boxloader.com\/about-boxloader\/"]}]},{"@type":"ImageObject","inLanguage":"fr-FR","@id":"https:\/\/www.boxloader.com\/about-boxloader\/#primaryimage","url":"https:\/\/www.boxloader.com\/wp-content\/uploads\/2019\/12\/Boxloader_presentation.jpg","contentUrl":"https:\/\/www.boxloader.com\/wp-content\/uploads\/2019\/12\/Boxloader_presentation.jpg","width":1900,"height":450},{"@type":"BreadcrumbList","@id":"https:\/\/www.boxloader.com\/about-boxloader\/#breadcrumb","itemListElement":[{"@type":"ListItem","position":1,"name":"Home","item":"https:\/\/www.boxloader.com\/"},{"@type":"ListItem","position":2,"name":"Pr\u00e9sentation de Boxloader"}]},{"@type":"WebSite","@id":"https:\/\/www.boxloader.com\/#website","url":"https:\/\/www.boxloader.com\/","name":"BoxLoader","description":"l\u00e8ve conteneur, sideloader et chargeur lat\u00e9ral pour ch\u00e2ssis et remorque","publisher":{"@id":"https:\/\/www.boxloader.com\/#organization"},"potentialAction":[{"@type":"SearchAction","target":{"@type":"EntryPoint","urlTemplate":"https:\/\/www.boxloader.com\/?s={search_term_string}"},"query-input":{"@type":"PropertyValueSpecification","valueRequired":true,"valueName":"search_term_string"}}],"inLanguage":"fr-FR"},{"@type":"Organization","@id":"https:\/\/www.boxloader.com\/#organization","name":"BoXLoader","url":"https:\/\/www.boxloader.com\/","logo":{"@type":"ImageObject","inLanguage":"fr-FR","@id":"https:\/\/www.boxloader.com\/#\/schema\/logo\/image\/","url":"https:\/\/www.boxloader.com\/wp-content\/uploads\/2019\/12\/BOXLOADER_DE\u00a6u\u0308FONCE_COULEUR_RVB.jpg","contentUrl":"https:\/\/www.boxloader.com\/wp-content\/uploads\/2019\/12\/BOXLOADER_DE\u00a6u\u0308FONCE_COULEUR_RVB.jpg","width":2560,"height":710,"caption":"BoXLoader"},"image":{"@id":"https:\/\/www.boxloader.com\/#\/schema\/logo\/image\/"}}]}},"_links":{"self":[{"href":"https:\/\/www.boxloader.com\/fr\/wp-json\/wp\/v2\/pages\/106","targetHints":{"allow":["GET"]}}],"collection":[{"href":"https:\/\/www.boxloader.com\/fr\/wp-json\/wp\/v2\/pages"}],"about":[{"href":"https:\/\/www.boxloader.com\/fr\/wp-json\/wp\/v2\/types\/page"}],"author":[{"embeddable":true,"href":"https:\/\/www.boxloader.com\/fr\/wp-json\/wp\/v2\/users\/1"}],"replies":[{"embeddable":true,"href":"https:\/\/www.boxloader.com\/fr\/wp-json\/wp\/v2\/comments?post=106"}],"version-history":[{"count":5,"href":"https:\/\/www.boxloader.com\/fr\/wp-json\/wp\/v2\/pages\/106\/revisions"}],"predecessor-version":[{"id":1532,"href":"https:\/\/www.boxloader.com\/fr\/wp-json\/wp\/v2\/pages\/106\/revisions\/1532"}],"wp:featuredmedia":[{"embeddable":true,"href":"https:\/\/www.boxloader.com\/fr\/wp-json\/wp\/v2\/media\/151"}],"wp:attachment":[{"href":"https:\/\/www.boxloader.com\/fr\/wp-json\/wp\/v2\/media?parent=106"}],"curies":[{"name":"wp","href":"https:\/\/api.w.org\/{rel}","templated":true}]}}